{"id":99,"date":"2017-08-29T23:02:34","date_gmt":"2017-08-29T23:02:34","guid":{"rendered":"https:\/\/monicagdowzok.de\/?page_id=99"},"modified":"2019-07-27T00:10:58","modified_gmt":"2019-07-26T22:10:58","slug":"nutzungsbedingungen","status":"publish","type":"page","link":"https:\/\/monicagdowzok.de\/en\/nutzungsbedingungen","title":{"rendered":"Nutzungsbedingungen"},"content":{"rendered":"<h2>Haftungsausschluss<\/h2>\n<p>Die Inhalte dieser Webseite werden mit gr\u00f6\u00dftm\u00f6glicher Sorgfalt erstellt. Der Anbieter \u00fcbernimmt jedoch keine Gew\u00e4hr f\u00fcr die Richtigkeit, Vollst\u00e4ndigkeit und Aktualit\u00e4t der bereitgestellten Inhalte. Namentlich gekennzeichnete Beitr\u00e4ge, Kommentare oder G\u00e4stebucheintr\u00e4ge geben die Meinung des jeweiligen Autors und nicht immer die Meinung des Anbieters wieder. Die Nutzung der Inhalte der Webseite erfolgt auf eigene Gefahr des Nutzers. Der Anbieter haftet nicht f\u00fcr Sch\u00e4den, die sich aus der Nutzung des Angebots ergeben. Mit der reinen Nutzung der Website des Anbieters kommt keinerlei Vertragsverh\u00e4ltnis zwischen dem Nutzer und dem Anbieter zustande.<\/p>\n<h2>Externe Links<\/h2>\n<p>Diese Webseite enth\u00e4lt Verkn\u00fcpfungen zu Webseiten Dritter (&#8222;externe Links&#8220;). Diese Webseiten unterliegen der Haftung der jeweiligen Betreiber. Der Anbieter hat bei der erstmaligen Verkn\u00fcpfung der externen Links die fremden Inhalte daraufhin \u00fcberpr\u00fcft, ob etwaige Rechtsverst\u00f6\u00dfe bestehen. Zu dem Zeitpunkt waren keine Rechtsverst\u00f6\u00dfe ersichtlich. Der Anbieter hat keinerlei Einfluss auf die aktuelle und zuk\u00fcnftige Gestaltung und auf die Inhalte der verkn\u00fcpften Seiten. Das Setzen von externen Links bedeutet nicht, dass sich der Anbieter die hinter dem Verweis oder Link liegenden Inhalte zu Eigen macht. Eine st\u00e4ndige Kontrolle der externen Links ist f\u00fcr den Anbieter ohne konkrete Hinweise auf Rechtsverst\u00f6\u00dfe nicht zumutbar. Bei Kenntnis von Rechtsverst\u00f6\u00dfen werden jedoch derartige externe Links unverz\u00fcglich gel\u00f6scht.<\/p>\n<h2>Urheber- und Leistungsschutzrechte<\/h2>\n<p>Falls nicht anders ausgewiesen, unterliegen die auf dieser Webseite ver\u00f6ffentlichten Inhalte dem deutschen Urheber- und Leistungsschutzrecht. Jede vom deutschen Urheber- und Leistungsschutzrecht nicht zugelassene Verwertung bedarf der vorherigen schriftlichen Zustimmung des Anbieters oder jeweiligen Rechteinhabers. Dies gilt insbesondere f\u00fcr Vervielf\u00e4ltigung, Bearbeitung, \u00dcbersetzung, Einspeicherung, Verarbeitung bzw. Wiedergabe von Inhalten in Datenbanken oder anderen elektronischen Medien und Systemen. Inhalte und Rechte Dritter sind dabei als solche gekennzeichnet. Die unerlaubte Vervielf\u00e4ltigung oder Weitergabe einzelner Inhalte oder kompletter Seiten ist nicht gestattet. Lediglich die Herstellung von Kopien und Downloads f\u00fcr den pers\u00f6nlichen, privaten und nicht kommerziellen Gebrauch ist erlaubt.<br \/>\n<a id=\"datenschutz\" name=\"datenschutz\"><\/a><\/p>\n<h2>Datenschutz<\/h2>\n<h3>Formulare und E-Mails<\/h3>\n<h3>Z\u00e4hlpixel und Cookies<\/h3>\n<p>Durch den Besuch der Webseite des Anbieters k\u00f6nnen Informationen \u00fcber den Zugriff (beispielsweise Datum, Uhrzeit, betrachtete Seite, IP-Adresse) gespeichert werden. Ein R\u00fcckschluss auf einzelne Nutzer ist f\u00fcr den Anbieter der Webseite nicht m\u00f6glich. Auf der Webseite werden Z\u00e4hlpixel und Cookies verwendet. Z\u00e4hlpixel sind kleine, unsichtbare Bilddateien, beispielsweise transparente GIF-Dateien. Diese Dateien werden bei Nutzung der Website von Rechnern aus dem Internet heruntergeladen, das Herunterladen wird dort registriert. Dadurch k\u00f6nnen die Betreiber dieser Rechner feststellen, dass Nutzer diese Z\u00e4hlpixel angefordert haben, und k\u00f6nnen diese Daten auswerten. Cookies sind kleine Textdateien, die tempor\u00e4r auf dem Computer des Nutzers abgelegt werden. Cookies speichern, dem verwendeten Webbrowser zugeordnet, Informationen zur Nutzung einer Webseite und k\u00f6nnen durch die Stelle, die den Cookie setzt, wieder ausgelesen werden. Cookies k\u00f6nnen keine Programme ausf\u00fchren und keine Computerviren \u00fcbertragen. Cookies werden von Webbrowsern in der Regel automatisch akzeptiert, die Einstellungen des verwendeten Webbrowsers k\u00f6nnen jedoch ge\u00e4ndert werden, um Cookies zu blockieren oder zu l\u00f6schen. Es ist jedoch m\u00f6glich, dass dann nicht alle Funktionen der Webseite voll umf\u00e4nglich zur Verf\u00fcgung stehen.<\/p>\n<p>Information zum Blockieren oder L\u00f6schen von Cookies durch Webbrowser (Beispiele, ohne Gew\u00e4hr):<\/p>\n<ul>\n<li><a href=\"https:\/\/support.google.com\/chrome\/answer\/95647?hl=de\" target=\"_blank\" rel=\"noopener noreferrer\">Chrome<\/a><\/li>\n<li><a href=\"http:\/\/support.mozilla.org\/de\/kb\/cookies-informationen-websites-auf-ihrem-computer\" target=\"_blank\" rel=\"noopener noreferrer\">Firefox<\/a><\/li>\n<li><a href=\"https:\/\/support.microsoft.com\/de-de\/help\/17442\/windows-internet-explorer-delete-manage-cookies\" target=\"_blank\" rel=\"noopener noreferrer\">Internet Explorer<\/a><\/li>\n<li><a href=\"http:\/\/help.opera.com\/Windows\/12.00\/de\/cookies.html\" target=\"_blank\" rel=\"noopener noreferrer\">Opera<\/a><\/li>\n<\/ul>\n<h3>Z\u00e4hlung mittels Piwik<\/h3>\n<p>Diese Webseite verwendet Piwik, dabei handelt es sich um einen sogenannten Webanalysedienst. Piwik verwendet sogenannte \u201cCookies\u201d, das sind Textdateien, die auf dem Computer des Webseitennutzers gespeichert werden und eine Analyse der Benutzung der Webseite durch den Webseitenbetreiber erm\u00f6glichen, um die Webseite optimieren zu k\u00f6nnen. Zu diesem Zweck werden die im Cookie gespeicherten Nutzungsinformationen (einschlie\u00dflich der gek\u00fcrzten IP-Adresse) an einen Server des Webseitenbetreibers \u00fcbertragen und zu Zwecken der Nutzungsanalyse gespeichert. Die IP-Adresse wird bei diesem Vorgang umge\u00adhend anony\u00admi\u00adsiert, so dass der Webseitennutzer f\u00fcr den Webseitenbetreiber anonym bleibt. Die im Cookie gespeicherten Informationen \u00fcber die Benutzung dieser Webseite werden nicht an Dritte weitergegeben.<\/p>\n<h3>Nutzung von Daten durch Dritte<\/h3>\n<p>Der Anbieter weist ausdr\u00fccklich darauf hin, dass die Daten\u00fcbertragung im Internet (beispielsweise per E-Mail) Sicherheitsl\u00fccken aufweisen und nicht vor dem Zugriff durch Dritte gesch\u00fctzt werden kann. Die Verwendung der Kontaktdaten des Impressums zur gewerblichen Werbung ist ausdr\u00fccklich nicht erw\u00fcnscht, es sei denn der Anbieter hatte zuvor seine schriftliche Einwilligung erteilt oder es besteht bereits eine Gesch\u00e4ftsbeziehung. Der Anbieter und alle auf dieser Webseite genannten Personen widersprechen hiermit jeder kommerziellen Verwendung und Weitergabe ihrer Daten.<\/p>\n<h2>Rechtswirksamkeit der Nutzungsbedingungen<\/h2>\n<p>Sollten einzelne Regelungen oder Formulierungen dieser Nutzungsbedingungen unwirksam sein oder werden, bleiben die \u00fcbrigen Regelungen in ihrem Inhalt und ihrer G\u00fcltigkeit hiervon unber\u00fchrt.<\/p>\n<p><a id=\"kommentare\" name=\"kommentare\"><\/a><\/p>\n<h2>Kommentare<\/h2>\n<p>Kommentare, Meinungen und Anregungen sind immer erw\u00fcnscht, Beschimpfungen, anst\u00f6\u00dfige Inhalte und \u00e4hnliches nicht. Es werden keine Beitr\u00e4ge toleriert, die andere wegen ihres Geschlechts, ihres Alters, ihrer Sprache, ihrer Abstammung, ihrer sexuellen Ausrichtung, ihrer religi\u00f6sen Zugeh\u00f6rigkeit oder ihrer Weltanschauung diskriminieren oder gegen Gesetze versto\u00dfen. Beitr\u00e4ge mit beleidigenden, strafbaren oder anderweitig inakzeptablen Inhalten werden gel\u00f6scht. Texte und Bilder d\u00fcrfen nur verwendet werden, wenn die Urheberrechte beim Verfasser liegen. Zitate sind zu kennzeichnen. Eine Nutzung des Forums zu kommerziellen Zwecken ist nicht erlaubt. Werbliche Inhalte werden gel\u00f6scht. Kommentare geben nicht notwendigerweise die Meinung des Anbieters wieder. Kommentare, die gegen Rechte Dritter versto\u00dfen, werden gepr\u00fcft, sobald der Anbieter vom Versto\u00df in Kenntnis gesetzt wird. In berechtigten F\u00e4llen werden die betreffenden Kommentare gel\u00f6scht.<\/p>\n<p><a href=\"https:\/\/monicagdowzok.de\/en\/kontakt\/\">Versto\u00df melden<\/a><\/p>","protected":false},"excerpt":{"rendered":"<p>Haftungsausschluss Die Inhalte dieser Webseite werden mit gr\u00f6\u00dftm\u00f6glicher Sorgfalt erstellt. Der Anbieter \u00fcbernimmt jedoch keine Gew\u00e4hr f\u00fcr die Richtigkeit, Vollst\u00e4ndigkeit und Aktualit\u00e4t der bereitgestellten Inhalte. Namentlich gekennzeichnete Beitr\u00e4ge, Kommentare oder G\u00e4stebucheintr\u00e4ge geben die Meinung des jeweiligen Autors und nicht immer die Meinung des Anbieters wieder. Die Nutzung der Inhalte der Webseite erfolgt auf eigene Gefahr&hellip;&nbsp;<a href=\"https:\/\/monicagdowzok.de\/en\/nutzungsbedingungen\" class=\"\" rel=\"bookmark\">Read More &raquo;<span class=\"screen-reader-text\">Nutzungsbedingungen<\/span><\/a><\/p>","protected":false},"author":1,"featured_media":0,"parent":0,"menu_order":0,"comment_status":"closed","ping_status":"closed","template":"","meta":{"_uag_custom_page_level_css":"","neve_meta_sidebar":"","neve_meta_container":"","neve_meta_enable_content_width":"","neve_meta_content_width":0,"neve_meta_title_alignment":"","neve_meta_author_avatar":"","neve_post_elements_order":"","neve_meta_disable_header":"","neve_meta_disable_footer":"","neve_meta_disable_title":"","neve_meta_reading_time":"","_ti_tpc_template_sync":false,"_ti_tpc_template_id":"","footnotes":""},"class_list":["post-99","page","type-page","status-publish","hentry"],"yoast_head":"<!-- This site is optimized with the Yoast SEO plugin v21.1 - https:\/\/yoast.com\/wordpress\/plugins\/seo\/ -->\n<title>Nutzungsbedingungen - Monica Gdowzok<\/title>\n<meta name=\"robots\" content=\"index, follow, max-snippet:-1, max-image-preview:large, max-video-preview:-1\" \/>\n<link rel=\"canonical\" href=\"https:\/\/monicagdowzok.de\/en\/nutzungsbedingungen\/\" \/>\n<meta property=\"og:locale\" content=\"en_US\" \/>\n<meta property=\"og:type\" content=\"article\" \/>\n<meta property=\"og:title\" content=\"Nutzungsbedingungen - Monica Gdowzok\" \/>\n<meta property=\"og:description\" content=\"Haftungsausschluss Die Inhalte dieser Webseite werden mit gr\u00f6\u00dftm\u00f6glicher Sorgfalt erstellt. Der Anbieter \u00fcbernimmt jedoch keine Gew\u00e4hr f\u00fcr die Richtigkeit, Vollst\u00e4ndigkeit und Aktualit\u00e4t der bereitgestellten Inhalte. Namentlich gekennzeichnete Beitr\u00e4ge, Kommentare oder G\u00e4stebucheintr\u00e4ge geben die Meinung des jeweiligen Autors und nicht immer die Meinung des Anbieters wieder. Die Nutzung der Inhalte der Webseite erfolgt auf eigene Gefahr&hellip;&nbsp;Read More &raquo;Nutzungsbedingungen\" \/>\n<meta property=\"og:url\" content=\"https:\/\/monicagdowzok.de\/en\/nutzungsbedingungen\/\" \/>\n<meta property=\"og:site_name\" content=\"Monica Gdowzok\" \/>\n<meta property=\"article:modified_time\" content=\"2019-07-26T22:10:58+00:00\" \/>\n<meta name=\"twitter:card\" content=\"summary_large_image\" \/>\n<meta name=\"twitter:label1\" content=\"Est. reading time\" \/>\n\t<meta name=\"twitter:data1\" content=\"5 minutes\" \/>\n<script type=\"application\/ld+json\" class=\"yoast-schema-graph\">{\"@context\":\"https:\/\/schema.org\",\"@graph\":[{\"@type\":\"WebPage\",\"@id\":\"https:\/\/monicagdowzok.de\/nutzungsbedingungen\",\"url\":\"https:\/\/monicagdowzok.de\/nutzungsbedingungen\",\"name\":\"Nutzungsbedingungen - Monica Gdowzok\",\"isPartOf\":{\"@id\":\"https:\/\/monicagdowzok.de\/#website\"},\"datePublished\":\"2017-08-29T23:02:34+00:00\",\"dateModified\":\"2019-07-26T22:10:58+00:00\",\"breadcrumb\":{\"@id\":\"https:\/\/monicagdowzok.de\/nutzungsbedingungen#breadcrumb\"},\"inLanguage\":\"en-US\",\"potentialAction\":[{\"@type\":\"ReadAction\",\"target\":[\"https:\/\/monicagdowzok.de\/nutzungsbedingungen\"]}]},{\"@type\":\"BreadcrumbList\",\"@id\":\"https:\/\/monicagdowzok.de\/nutzungsbedingungen#breadcrumb\",\"itemListElement\":[{\"@type\":\"ListItem\",\"position\":1,\"name\":\"Home\",\"item\":\"https:\/\/monicagdowzok.de\/\"},{\"@type\":\"ListItem\",\"position\":2,\"name\":\"Nutzungsbedingungen\"}]},{\"@type\":\"WebSite\",\"@id\":\"https:\/\/monicagdowzok.de\/#website\",\"url\":\"https:\/\/monicagdowzok.de\/\",\"name\":\"Monica Gdowzok\",\"description\":\"Heilpraktikerin f\u00fcr Psychotherapie in Berlin und Panketal\",\"publisher\":{\"@id\":\"https:\/\/monicagdowzok.de\/#organization\"},\"potentialAction\":[{\"@type\":\"SearchAction\",\"target\":{\"@type\":\"EntryPoint\",\"urlTemplate\":\"https:\/\/monicagdowzok.de\/?s={search_term_string}\"},\"query-input\":\"required name=search_term_string\"}],\"inLanguage\":\"en-US\"},{\"@type\":\"Organization\",\"@id\":\"https:\/\/monicagdowzok.de\/#organization\",\"name\":\"Monica Gdowzok\",\"url\":\"https:\/\/monicagdowzok.de\/\",\"logo\":{\"@type\":\"ImageObject\",\"inLanguage\":\"en-US\",\"@id\":\"https:\/\/monicagdowzok.de\/#\/schema\/logo\/image\/\",\"url\":\"https:\/\/monicagdowzok.de\/wp-content\/uploads\/2022\/01\/logo-3.png\",\"contentUrl\":\"https:\/\/monicagdowzok.de\/wp-content\/uploads\/2022\/01\/logo-3.png\",\"width\":1000,\"height\":178,\"caption\":\"Monica Gdowzok\"},\"image\":{\"@id\":\"https:\/\/monicagdowzok.de\/#\/schema\/logo\/image\/\"}}]}<\/script>\n<!-- \/ Yoast SEO plugin. -->","yoast_head_json":{"title":"Nutzungsbedingungen - Monica Gdowzok","robots":{"index":"index","follow":"follow","max-snippet":"max-snippet:-1","max-image-preview":"max-image-preview:large","max-video-preview":"max-video-preview:-1"},"canonical":"https:\/\/monicagdowzok.de\/en\/nutzungsbedingungen\/","og_locale":"en_US","og_type":"article","og_title":"Nutzungsbedingungen - Monica Gdowzok","og_description":"Haftungsausschluss Die Inhalte dieser Webseite werden mit gr\u00f6\u00dftm\u00f6glicher Sorgfalt erstellt. Der Anbieter \u00fcbernimmt jedoch keine Gew\u00e4hr f\u00fcr die Richtigkeit, Vollst\u00e4ndigkeit und Aktualit\u00e4t der bereitgestellten Inhalte. Namentlich gekennzeichnete Beitr\u00e4ge, Kommentare oder G\u00e4stebucheintr\u00e4ge geben die Meinung des jeweiligen Autors und nicht immer die Meinung des Anbieters wieder. Die Nutzung der Inhalte der Webseite erfolgt auf eigene Gefahr&hellip;&nbsp;Read More &raquo;Nutzungsbedingungen","og_url":"https:\/\/monicagdowzok.de\/en\/nutzungsbedingungen\/","og_site_name":"Monica Gdowzok","article_modified_time":"2019-07-26T22:10:58+00:00","twitter_card":"summary_large_image","twitter_misc":{"Est. reading time":"5 minutes"},"schema":{"@context":"https:\/\/schema.org","@graph":[{"@type":"WebPage","@id":"https:\/\/monicagdowzok.de\/nutzungsbedingungen","url":"https:\/\/monicagdowzok.de\/nutzungsbedingungen","name":"Nutzungsbedingungen - Monica Gdowzok","isPartOf":{"@id":"https:\/\/monicagdowzok.de\/#website"},"datePublished":"2017-08-29T23:02:34+00:00","dateModified":"2019-07-26T22:10:58+00:00","breadcrumb":{"@id":"https:\/\/monicagdowzok.de\/nutzungsbedingungen#breadcrumb"},"inLanguage":"en-US","potentialAction":[{"@type":"ReadAction","target":["https:\/\/monicagdowzok.de\/nutzungsbedingungen"]}]},{"@type":"BreadcrumbList","@id":"https:\/\/monicagdowzok.de\/nutzungsbedingungen#breadcrumb","itemListElement":[{"@type":"ListItem","position":1,"name":"Home","item":"https:\/\/monicagdowzok.de\/"},{"@type":"ListItem","position":2,"name":"Nutzungsbedingungen"}]},{"@type":"WebSite","@id":"https:\/\/monicagdowzok.de\/#website","url":"https:\/\/monicagdowzok.de\/","name":"Monica Gdowzok","description":"Heilpraktikerin f\u00fcr Psychotherapie in Berlin und Panketal","publisher":{"@id":"https:\/\/monicagdowzok.de\/#organization"},"potentialAction":[{"@type":"SearchAction","target":{"@type":"EntryPoint","urlTemplate":"https:\/\/monicagdowzok.de\/?s={search_term_string}"},"query-input":"required name=search_term_string"}],"inLanguage":"en-US"},{"@type":"Organization","@id":"https:\/\/monicagdowzok.de\/#organization","name":"Monica Gdowzok","url":"https:\/\/monicagdowzok.de\/","logo":{"@type":"ImageObject","inLanguage":"en-US","@id":"https:\/\/monicagdowzok.de\/#\/schema\/logo\/image\/","url":"https:\/\/monicagdowzok.de\/wp-content\/uploads\/2022\/01\/logo-3.png","contentUrl":"https:\/\/monicagdowzok.de\/wp-content\/uploads\/2022\/01\/logo-3.png","width":1000,"height":178,"caption":"Monica Gdowzok"},"image":{"@id":"https:\/\/monicagdowzok.de\/#\/schema\/logo\/image\/"}}]}},"uagb_featured_image_src":{"full":false,"thumbnail":false,"medium":false,"medium_large":false,"large":false,"1536x1536":false,"2048x2048":false,"trp-custom-language-flag":false,"neve-blog":false},"uagb_author_info":{"display_name":"monica","author_link":"https:\/\/monicagdowzok.de\/en\/author\/monica"},"uagb_comment_info":0,"uagb_excerpt":"Haftungsausschluss Die Inhalte dieser Webseite werden mit gr\u00f6\u00dftm\u00f6glicher Sorgfalt erstellt. Der Anbieter \u00fcbernimmt jedoch keine Gew\u00e4hr f\u00fcr die Richtigkeit, Vollst\u00e4ndigkeit und Aktualit\u00e4t der bereitgestellten Inhalte. Namentlich gekennzeichnete Beitr\u00e4ge, Kommentare oder G\u00e4stebucheintr\u00e4ge geben die Meinung des jeweiligen Autors und nicht immer die Meinung des Anbieters wieder. Die Nutzung der Inhalte der Webseite erfolgt auf eigene Gefahr&hellip;&nbsp;Read&hellip;","_links":{"self":[{"href":"https:\/\/monicagdowzok.de\/en\/wp-json\/wp\/v2\/pages\/99","targetHints":{"allow":["GET"]}}],"collection":[{"href":"https:\/\/monicagdowzok.de\/en\/wp-json\/wp\/v2\/pages"}],"about":[{"href":"https:\/\/monicagdowzok.de\/en\/wp-json\/wp\/v2\/types\/page"}],"author":[{"embeddable":true,"href":"https:\/\/monicagdowzok.de\/en\/wp-json\/wp\/v2\/users\/1"}],"replies":[{"embeddable":true,"href":"https:\/\/monicagdowzok.de\/en\/wp-json\/wp\/v2\/comments?post=99"}],"version-history":[{"count":22,"href":"https:\/\/monicagdowzok.de\/en\/wp-json\/wp\/v2\/pages\/99\/revisions"}],"predecessor-version":[{"id":267,"href":"https:\/\/monicagdowzok.de\/en\/wp-json\/wp\/v2\/pages\/99\/revisions\/267"}],"wp:attachment":[{"href":"https:\/\/monicagdowzok.de\/en\/wp-json\/wp\/v2\/media?parent=99"}],"curies":[{"name":"wp","href":"https:\/\/api.w.org\/{rel}","templated":true}]}}