{"id":97,"date":"2017-08-29T23:02:11","date_gmt":"2017-08-29T23:02:11","guid":{"rendered":"https:\/\/monicagdowzok.de\/?page_id=97"},"modified":"2022-03-18T20:36:10","modified_gmt":"2022-03-18T18:36:10","slug":"impressum","status":"publish","type":"page","link":"https:\/\/monicagdowzok.de\/en\/impressum","title":{"rendered":"Impressum"},"content":{"rendered":"<p><strong>Verantwortlich f\u00fcr den Inhalt gem\u00e4\u00df \u00a75 TMG:<\/p>\n<p><\/strong>Monica Gdowzok<br \/>\nGluckstra\u00dfe 6<br \/>\n16341 Panketal OT Zepernick<\/p>\n<p>Tel.: <a href=\"tel: 493094795355\">030-94795355<\/a><br \/>\nE-Mail: <a href=\"mailto:hallo@monicagdowzok.de\">hallo@monicagdowzok.de<\/a><\/p>\n<p><strong>Ich arbeite im Rahmen des Heilpraktikergesetzes:<\/strong><\/p>\n<p>Die Erlaubnis zur berufsm\u00e4\u00dfigen Aus\u00fcbung der Heilkunde ohne Bestallung beschr\u00e4nkt auf das Gebiet der Psychotherapie gem\u00e4\u00df \u00a7 1 Abs. 1 des Heilpraktikergesetzes vom 17. Feb. 1939 (RGBl.I s.251, BGBl.III 2122-2) wurde mir erteilt durch das Gesundheitsamt, Bezirksamt Lichtenberg von Berlin am 8. Mai 2017.<\/p>\n<p><strong>Bitte beachten Sie:<\/strong><\/p>\n<p>Die Arbeit in meiner Praxis zielt auf die Aktivierung der inneren Selbstheilungskr\u00e4fte meiner Klientinnen und Klienten ab. Jedoch gebe ich kein Heilsversprechen ab. Die Arbeit in meiner Praxis ersetzt daher keine \u00e4rztliche und\/oder psychatrische Behandlung. Eine bestehende Behandlung und\/oder Medikamentierung sollte nie eigenm\u00e4chtig ohne \u00e4rztliche Abkl\u00e4rung ge\u00e4ndert oder abgebrochen werden.<\/p>\n<p>F\u00fcr Vollst\u00e4ndigkeit oder Richtigkeit der Informationen auf dieser Webseite \u00fcbernehme ich keine Garantie. Meine Webseite dient nicht dazu, Krankheiten oder Leiden selbst zu erkennen oder zu therapieren.<\/p>\n<p><strong>Information zu Rechnungen und Umsatzsteuer:<\/strong><\/p>\n<p>Meine Leistungen als Heilpraktikerin sind gem\u00e4\u00df \u00a7 4 Nr. 14a UStG von der Umsatzsteuer befreit. Weitere Leistungen fallen unter \u00a7 19 UStG (Kleinunternehmerregelung), es wird keine Umsatzsteuer erhoben. Daher entf\u00e4llt die Angabe einer Umsatzsteuer-Identifikationsnummer.<\/p>\n<p><strong>Bildnachweis<\/strong><br \/>\n<table id=\"credit-tracker-table\" class=\"credit-tracker-default\"><thead><th>&nbsp;<\/th><th>Author<\/th><th>Publisher<\/th><th>License<\/th><th>Ident-Nr.<\/th><\/thead><tbody><tr><td><img loading=\"lazy\" decoding=\"async\" width=\"150\" height=\"150\" src=\"https:\/\/monicagdowzok.de\/wp-content\/uploads\/2017\/08\/IMG_0727-150x150.jpg\" class=\"attachment-thumbnail\" alt=\"\"><\/td><td>Monica Gdowzok<\/td><td>monicagdowzok.de<\/td><td>Alle Rechte vorbehalten.<\/td><td>https:\/\/monicagdowzok.de\/img_0727<\/td><\/tr><tr><td><img loading=\"lazy\" decoding=\"async\" width=\"150\" height=\"150\" src=\"https:\/\/monicagdowzok.de\/wp-content\/uploads\/2022\/05\/EFB3BCAF-628C-46E2-9D6F-0BD772BFB419-150x150.jpeg\" class=\"attachment-thumbnail\" alt=\"\"><\/td><td>monica gdowzok <\/td><td>monica gdowzok<\/td><td>Twitter Zitat<\/td><td><\/td><\/tr><\/tbody><\/table><\/p>\n<p><a href=\"https:\/\/monicagdowzok.de\/en\/nutzungsbedingungen\/\">Nutzungsbedingungen<\/a><\/p>","protected":false},"excerpt":{"rendered":"<p>Verantwortlich f\u00fcr den Inhalt gem\u00e4\u00df \u00a75 TMG: Monica Gdowzok Gluckstra\u00dfe 6 16341 Panketal OT Zepernick Tel.: 030-94795355 E-Mail: hallo@monicagdowzok.de Ich arbeite im Rahmen des Heilpraktikergesetzes: Die Erlaubnis zur berufsm\u00e4\u00dfigen Aus\u00fcbung der Heilkunde ohne Bestallung beschr\u00e4nkt auf das Gebiet der Psychotherapie gem\u00e4\u00df \u00a7 1 Abs. 1 des Heilpraktikergesetzes vom 17. Feb. 1939 (RGBl.I s.251, BGBl.III 2122-2)&hellip;&nbsp;<a href=\"https:\/\/monicagdowzok.de\/en\/impressum\" class=\"\" rel=\"bookmark\">Read More &raquo;<span class=\"screen-reader-text\">Impressum<\/span><\/a><\/p>","protected":false},"author":1,"featured_media":0,"parent":0,"menu_order":0,"comment_status":"closed","ping_status":"closed","template":"","meta":{"_uag_custom_page_level_css":"","neve_meta_sidebar":"","neve_meta_container":"","neve_meta_enable_content_width":"","neve_meta_content_width":0,"neve_meta_title_alignment":"","neve_meta_author_avatar":"","neve_post_elements_order":"","neve_meta_disable_header":"","neve_meta_disable_footer":"","neve_meta_disable_title":"","neve_meta_reading_time":"","_ti_tpc_template_sync":false,"_ti_tpc_template_id":"","footnotes":""},"class_list":["post-97","page","type-page","status-publish","hentry"],"yoast_head":"<!-- This site is optimized with the Yoast SEO plugin v21.1 - https:\/\/yoast.com\/wordpress\/plugins\/seo\/ -->\n<title>Impressum - Monica Gdowzok<\/title>\n<meta name=\"robots\" content=\"index, follow, max-snippet:-1, max-image-preview:large, max-video-preview:-1\" \/>\n<link rel=\"canonical\" href=\"https:\/\/monicagdowzok.de\/en\/impressum\/\" \/>\n<meta property=\"og:locale\" content=\"en_US\" \/>\n<meta property=\"og:type\" content=\"article\" \/>\n<meta property=\"og:title\" content=\"Impressum - Monica Gdowzok\" \/>\n<meta property=\"og:description\" content=\"Verantwortlich f\u00fcr den Inhalt gem\u00e4\u00df \u00a75 TMG: Monica Gdowzok Gluckstra\u00dfe 6 16341 Panketal OT Zepernick Tel.: 030-94795355 E-Mail: hallo@monicagdowzok.de Ich arbeite im Rahmen des Heilpraktikergesetzes: Die Erlaubnis zur berufsm\u00e4\u00dfigen Aus\u00fcbung der Heilkunde ohne Bestallung beschr\u00e4nkt auf das Gebiet der Psychotherapie gem\u00e4\u00df \u00a7 1 Abs. 1 des Heilpraktikergesetzes vom 17. Feb. 1939 (RGBl.I s.251, BGBl.III 2122-2)&hellip;&nbsp;Read More &raquo;Impressum\" \/>\n<meta property=\"og:url\" content=\"https:\/\/monicagdowzok.de\/en\/impressum\/\" \/>\n<meta property=\"og:site_name\" content=\"Monica Gdowzok\" \/>\n<meta property=\"article:modified_time\" content=\"2022-03-18T18:36:10+00:00\" \/>\n<meta name=\"twitter:card\" content=\"summary_large_image\" \/>\n<meta name=\"twitter:label1\" content=\"Est. reading time\" \/>\n\t<meta name=\"twitter:data1\" content=\"2 minutes\" \/>\n<script type=\"application\/ld+json\" class=\"yoast-schema-graph\">{\"@context\":\"https:\/\/schema.org\",\"@graph\":[{\"@type\":\"WebPage\",\"@id\":\"https:\/\/monicagdowzok.de\/impressum\",\"url\":\"https:\/\/monicagdowzok.de\/impressum\",\"name\":\"Impressum - Monica Gdowzok\",\"isPartOf\":{\"@id\":\"https:\/\/monicagdowzok.de\/#website\"},\"datePublished\":\"2017-08-29T23:02:11+00:00\",\"dateModified\":\"2022-03-18T18:36:10+00:00\",\"breadcrumb\":{\"@id\":\"https:\/\/monicagdowzok.de\/impressum#breadcrumb\"},\"inLanguage\":\"en-US\",\"potentialAction\":[{\"@type\":\"ReadAction\",\"target\":[\"https:\/\/monicagdowzok.de\/impressum\"]}]},{\"@type\":\"BreadcrumbList\",\"@id\":\"https:\/\/monicagdowzok.de\/impressum#breadcrumb\",\"itemListElement\":[{\"@type\":\"ListItem\",\"position\":1,\"name\":\"Home\",\"item\":\"https:\/\/monicagdowzok.de\/\"},{\"@type\":\"ListItem\",\"position\":2,\"name\":\"Impressum\"}]},{\"@type\":\"WebSite\",\"@id\":\"https:\/\/monicagdowzok.de\/#website\",\"url\":\"https:\/\/monicagdowzok.de\/\",\"name\":\"Monica Gdowzok\",\"description\":\"Heilpraktikerin f\u00fcr Psychotherapie in Berlin und Panketal\",\"publisher\":{\"@id\":\"https:\/\/monicagdowzok.de\/#organization\"},\"potentialAction\":[{\"@type\":\"SearchAction\",\"target\":{\"@type\":\"EntryPoint\",\"urlTemplate\":\"https:\/\/monicagdowzok.de\/?s={search_term_string}\"},\"query-input\":\"required name=search_term_string\"}],\"inLanguage\":\"en-US\"},{\"@type\":\"Organization\",\"@id\":\"https:\/\/monicagdowzok.de\/#organization\",\"name\":\"Monica Gdowzok\",\"url\":\"https:\/\/monicagdowzok.de\/\",\"logo\":{\"@type\":\"ImageObject\",\"inLanguage\":\"en-US\",\"@id\":\"https:\/\/monicagdowzok.de\/#\/schema\/logo\/image\/\",\"url\":\"https:\/\/monicagdowzok.de\/wp-content\/uploads\/2022\/01\/logo-3.png\",\"contentUrl\":\"https:\/\/monicagdowzok.de\/wp-content\/uploads\/2022\/01\/logo-3.png\",\"width\":1000,\"height\":178,\"caption\":\"Monica Gdowzok\"},\"image\":{\"@id\":\"https:\/\/monicagdowzok.de\/#\/schema\/logo\/image\/\"}}]}<\/script>\n<!-- \/ Yoast SEO plugin. -->","yoast_head_json":{"title":"Impressum - Monica Gdowzok","robots":{"index":"index","follow":"follow","max-snippet":"max-snippet:-1","max-image-preview":"max-image-preview:large","max-video-preview":"max-video-preview:-1"},"canonical":"https:\/\/monicagdowzok.de\/en\/impressum\/","og_locale":"en_US","og_type":"article","og_title":"Impressum - Monica Gdowzok","og_description":"Verantwortlich f\u00fcr den Inhalt gem\u00e4\u00df \u00a75 TMG: Monica Gdowzok Gluckstra\u00dfe 6 16341 Panketal OT Zepernick Tel.: 030-94795355 E-Mail: hallo@monicagdowzok.de Ich arbeite im Rahmen des Heilpraktikergesetzes: Die Erlaubnis zur berufsm\u00e4\u00dfigen Aus\u00fcbung der Heilkunde ohne Bestallung beschr\u00e4nkt auf das Gebiet der Psychotherapie gem\u00e4\u00df \u00a7 1 Abs. 1 des Heilpraktikergesetzes vom 17. Feb. 1939 (RGBl.I s.251, BGBl.III 2122-2)&hellip;&nbsp;Read More &raquo;Impressum","og_url":"https:\/\/monicagdowzok.de\/en\/impressum\/","og_site_name":"Monica Gdowzok","article_modified_time":"2022-03-18T18:36:10+00:00","twitter_card":"summary_large_image","twitter_misc":{"Est. reading time":"2 minutes"},"schema":{"@context":"https:\/\/schema.org","@graph":[{"@type":"WebPage","@id":"https:\/\/monicagdowzok.de\/impressum","url":"https:\/\/monicagdowzok.de\/impressum","name":"Impressum - Monica Gdowzok","isPartOf":{"@id":"https:\/\/monicagdowzok.de\/#website"},"datePublished":"2017-08-29T23:02:11+00:00","dateModified":"2022-03-18T18:36:10+00:00","breadcrumb":{"@id":"https:\/\/monicagdowzok.de\/impressum#breadcrumb"},"inLanguage":"en-US","potentialAction":[{"@type":"ReadAction","target":["https:\/\/monicagdowzok.de\/impressum"]}]},{"@type":"BreadcrumbList","@id":"https:\/\/monicagdowzok.de\/impressum#breadcrumb","itemListElement":[{"@type":"ListItem","position":1,"name":"Home","item":"https:\/\/monicagdowzok.de\/"},{"@type":"ListItem","position":2,"name":"Impressum"}]},{"@type":"WebSite","@id":"https:\/\/monicagdowzok.de\/#website","url":"https:\/\/monicagdowzok.de\/","name":"Monica Gdowzok","description":"Heilpraktikerin f\u00fcr Psychotherapie in Berlin und Panketal","publisher":{"@id":"https:\/\/monicagdowzok.de\/#organization"},"potentialAction":[{"@type":"SearchAction","target":{"@type":"EntryPoint","urlTemplate":"https:\/\/monicagdowzok.de\/?s={search_term_string}"},"query-input":"required name=search_term_string"}],"inLanguage":"en-US"},{"@type":"Organization","@id":"https:\/\/monicagdowzok.de\/#organization","name":"Monica Gdowzok","url":"https:\/\/monicagdowzok.de\/","logo":{"@type":"ImageObject","inLanguage":"en-US","@id":"https:\/\/monicagdowzok.de\/#\/schema\/logo\/image\/","url":"https:\/\/monicagdowzok.de\/wp-content\/uploads\/2022\/01\/logo-3.png","contentUrl":"https:\/\/monicagdowzok.de\/wp-content\/uploads\/2022\/01\/logo-3.png","width":1000,"height":178,"caption":"Monica Gdowzok"},"image":{"@id":"https:\/\/monicagdowzok.de\/#\/schema\/logo\/image\/"}}]}},"uagb_featured_image_src":{"full":false,"thumbnail":false,"medium":false,"medium_large":false,"large":false,"1536x1536":false,"2048x2048":false,"trp-custom-language-flag":false,"neve-blog":false},"uagb_author_info":{"display_name":"monica","author_link":"https:\/\/monicagdowzok.de\/en\/author\/monica"},"uagb_comment_info":0,"uagb_excerpt":"Verantwortlich f\u00fcr den Inhalt gem\u00e4\u00df \u00a75 TMG: Monica Gdowzok Gluckstra\u00dfe 6 16341 Panketal OT Zepernick Tel.: 030-94795355 E-Mail: hallo@monicagdowzok.de Ich arbeite im Rahmen des Heilpraktikergesetzes: Die Erlaubnis zur berufsm\u00e4\u00dfigen Aus\u00fcbung der Heilkunde ohne Bestallung beschr\u00e4nkt auf das Gebiet der Psychotherapie gem\u00e4\u00df \u00a7 1 Abs. 1 des Heilpraktikergesetzes vom 17. Feb. 1939 (RGBl.I s.251, BGBl.III 2122-2)&hellip;&nbsp;Read&hellip;","_links":{"self":[{"href":"https:\/\/monicagdowzok.de\/en\/wp-json\/wp\/v2\/pages\/97","targetHints":{"allow":["GET"]}}],"collection":[{"href":"https:\/\/monicagdowzok.de\/en\/wp-json\/wp\/v2\/pages"}],"about":[{"href":"https:\/\/monicagdowzok.de\/en\/wp-json\/wp\/v2\/types\/page"}],"author":[{"embeddable":true,"href":"https:\/\/monicagdowzok.de\/en\/wp-json\/wp\/v2\/users\/1"}],"replies":[{"embeddable":true,"href":"https:\/\/monicagdowzok.de\/en\/wp-json\/wp\/v2\/comments?post=97"}],"version-history":[{"count":21,"href":"https:\/\/monicagdowzok.de\/en\/wp-json\/wp\/v2\/pages\/97\/revisions"}],"predecessor-version":[{"id":787,"href":"https:\/\/monicagdowzok.de\/en\/wp-json\/wp\/v2\/pages\/97\/revisions\/787"}],"wp:attachment":[{"href":"https:\/\/monicagdowzok.de\/en\/wp-json\/wp\/v2\/media?parent=97"}],"curies":[{"name":"wp","href":"https:\/\/api.w.org\/{rel}","templated":true}]}}