{"id":870,"date":"2022-05-24T14:47:11","date_gmt":"2022-05-24T12:47:11","guid":{"rendered":"https:\/\/monicagdowzok.de\/?page_id=870"},"modified":"2022-07-05T14:19:58","modified_gmt":"2022-07-05T12:19:58","slug":"downloads","status":"publish","type":"page","link":"https:\/\/monicagdowzok.de\/en\/downloads","title":{"rendered":"Downloads"},"content":{"rendered":"<p><strong>F\u00fcr dich zum Downloaden:<\/strong><\/p>\n\n\n\n<p><strong>Arbeitsbl\u00e4tter<\/strong><br>Arbeitsblatt &#8222;<a href=\"https:\/\/monicagdowzok.de\/wp-content\/uploads\/2022\/03\/Arbeitsblatt-\u201eUrteile-ueber-deinen-Naechsten.pdf\">Urteile \u00fcber deinen N\u00e4chsten<\/a>&#8222;<br>Arbeitsblatt &#8222;<a href=\"https:\/\/monicagdowzok.de\/wp-content\/uploads\/2022\/03\/Arbeitsblatt-Untersuche-eine-Ueberzeugung.pdf\">Untersuche eine \u00dcberzeugung<\/a>&#8222;<\/p>\n\n\n\n<p>&#8222;<\/p>\n\n\n\n<p><strong>Weitere n\u00fctzliche Materialien<\/strong><br><a href=\"https:\/\/monicagdowzok.de\/wp-content\/uploads\/2022\/03\/The-Work-of-Byron-Katie-Little-Book-German.pdf\">Das kleine Buch<\/a> als Einf\u00fchrung in The Work<br><a href=\"https:\/\/monicagdowzok.de\/wp-content\/uploads\/2022\/03\/AnleitungzuTheWork.pdf\">Anleitung zu The Work<\/a><br><a href=\"https:\/\/monicagdowzok.de\/wp-content\/uploads\/2022\/03\/Weit-verbreitete-Ueberzeugungen.pdf\">Weit verbreitete \u00dcberzeugungen<\/a><br><a href=\"https:\/\/monicagdowzok.de\/wp-content\/uploads\/2022\/03\/Liste-von-Gefuehlen.pdf\">Liste von Gef\u00fchlen<\/a><br><a href=\"https:\/\/monicagdowzok.de\/wp-content\/uploads\/2022\/05\/Prinzipien_fu__r_Begleiter_innen_14032017.pdf\">Leitfaden zum Begleiten<\/a><br>vtw-Brosch\u00fcre &#8222;<a href=\"https:\/\/monicagdowzok.de\/wp-content\/uploads\/2022\/05\/vtw_Broschuere_Ansicht_Doppelseiten_kl.pdf\">Willst du Recht haben, oder gl\u00fccklich sein?<\/a>&#8222;<\/p>\n\n\n\n<p><\/p>\n\n\n\n<p><\/p>","protected":false},"excerpt":{"rendered":"<p>F\u00fcr dich zum Downloaden: Arbeitsbl\u00e4tterArbeitsblatt &#8222;Urteile \u00fcber deinen N\u00e4chsten&#8222;Arbeitsblatt &#8222;Untersuche eine \u00dcberzeugung&#8222; &#8222; Weitere n\u00fctzliche MaterialienDas kleine Buch als Einf\u00fchrung in The WorkAnleitung zu The WorkWeit verbreitete \u00dcberzeugungenListe von Gef\u00fchlenLeitfaden zum Begleitenvtw-Brosch\u00fcre &#8222;Willst du Recht haben, oder gl\u00fccklich sein?&#8222;<\/p>","protected":false},"author":1,"featured_media":0,"parent":0,"menu_order":0,"comment_status":"closed","ping_status":"closed","template":"","meta":{"_uag_custom_page_level_css":"","neve_meta_sidebar":"","neve_meta_container":"","neve_meta_enable_content_width":"","neve_meta_content_width":0,"neve_meta_title_alignment":"","neve_meta_author_avatar":"","neve_post_elements_order":"","neve_meta_disable_header":"","neve_meta_disable_footer":"","neve_meta_disable_title":"","neve_meta_reading_time":"","_ti_tpc_template_sync":false,"_ti_tpc_template_id":"","footnotes":""},"class_list":["post-870","page","type-page","status-publish","hentry"],"yoast_head":"<!-- This site is optimized with the Yoast SEO plugin v21.1 - https:\/\/yoast.com\/wordpress\/plugins\/seo\/ -->\n<title>Downloads - Monica Gdowzok<\/title>\n<meta name=\"robots\" content=\"index, follow, max-snippet:-1, max-image-preview:large, max-video-preview:-1\" \/>\n<link rel=\"canonical\" href=\"https:\/\/monicagdowzok.de\/en\/downloads\/\" \/>\n<meta property=\"og:locale\" content=\"en_US\" \/>\n<meta property=\"og:type\" content=\"article\" \/>\n<meta property=\"og:title\" content=\"Downloads - Monica Gdowzok\" \/>\n<meta property=\"og:description\" content=\"F\u00fcr dich zum Downloaden: Arbeitsbl\u00e4tterArbeitsblatt &#8222;Urteile \u00fcber deinen N\u00e4chsten&#8222;Arbeitsblatt &#8222;Untersuche eine \u00dcberzeugung&#8222; &#8222; Weitere n\u00fctzliche MaterialienDas kleine Buch als Einf\u00fchrung in The WorkAnleitung zu The WorkWeit verbreitete \u00dcberzeugungenListe von Gef\u00fchlenLeitfaden zum Begleitenvtw-Brosch\u00fcre &#8222;Willst du Recht haben, oder gl\u00fccklich sein?&#8222;\" \/>\n<meta property=\"og:url\" content=\"https:\/\/monicagdowzok.de\/en\/downloads\/\" \/>\n<meta property=\"og:site_name\" content=\"Monica Gdowzok\" \/>\n<meta property=\"article:modified_time\" content=\"2022-07-05T12:19:58+00:00\" \/>\n<meta name=\"twitter:card\" content=\"summary_large_image\" \/>\n<meta name=\"twitter:label1\" content=\"Est. reading time\" \/>\n\t<meta name=\"twitter:data1\" content=\"1 minute\" \/>\n<script type=\"application\/ld+json\" class=\"yoast-schema-graph\">{\"@context\":\"https:\/\/schema.org\",\"@graph\":[{\"@type\":\"WebPage\",\"@id\":\"https:\/\/monicagdowzok.de\/downloads\",\"url\":\"https:\/\/monicagdowzok.de\/downloads\",\"name\":\"Downloads - Monica Gdowzok\",\"isPartOf\":{\"@id\":\"https:\/\/monicagdowzok.de\/#website\"},\"datePublished\":\"2022-05-24T12:47:11+00:00\",\"dateModified\":\"2022-07-05T12:19:58+00:00\",\"breadcrumb\":{\"@id\":\"https:\/\/monicagdowzok.de\/downloads#breadcrumb\"},\"inLanguage\":\"en-US\",\"potentialAction\":[{\"@type\":\"ReadAction\",\"target\":[\"https:\/\/monicagdowzok.de\/downloads\"]}]},{\"@type\":\"BreadcrumbList\",\"@id\":\"https:\/\/monicagdowzok.de\/downloads#breadcrumb\",\"itemListElement\":[{\"@type\":\"ListItem\",\"position\":1,\"name\":\"Home\",\"item\":\"https:\/\/monicagdowzok.de\/\"},{\"@type\":\"ListItem\",\"position\":2,\"name\":\"Downloads\"}]},{\"@type\":\"WebSite\",\"@id\":\"https:\/\/monicagdowzok.de\/#website\",\"url\":\"https:\/\/monicagdowzok.de\/\",\"name\":\"Monica Gdowzok\",\"description\":\"Heilpraktikerin f\u00fcr Psychotherapie in Berlin und Panketal\",\"publisher\":{\"@id\":\"https:\/\/monicagdowzok.de\/#organization\"},\"potentialAction\":[{\"@type\":\"SearchAction\",\"target\":{\"@type\":\"EntryPoint\",\"urlTemplate\":\"https:\/\/monicagdowzok.de\/?s={search_term_string}\"},\"query-input\":\"required name=search_term_string\"}],\"inLanguage\":\"en-US\"},{\"@type\":\"Organization\",\"@id\":\"https:\/\/monicagdowzok.de\/#organization\",\"name\":\"Monica Gdowzok\",\"url\":\"https:\/\/monicagdowzok.de\/\",\"logo\":{\"@type\":\"ImageObject\",\"inLanguage\":\"en-US\",\"@id\":\"https:\/\/monicagdowzok.de\/#\/schema\/logo\/image\/\",\"url\":\"https:\/\/monicagdowzok.de\/wp-content\/uploads\/2022\/01\/logo-3.png\",\"contentUrl\":\"https:\/\/monicagdowzok.de\/wp-content\/uploads\/2022\/01\/logo-3.png\",\"width\":1000,\"height\":178,\"caption\":\"Monica Gdowzok\"},\"image\":{\"@id\":\"https:\/\/monicagdowzok.de\/#\/schema\/logo\/image\/\"}}]}<\/script>\n<!-- \/ Yoast SEO plugin. -->","yoast_head_json":{"title":"Downloads - Monica Gdowzok","robots":{"index":"index","follow":"follow","max-snippet":"max-snippet:-1","max-image-preview":"max-image-preview:large","max-video-preview":"max-video-preview:-1"},"canonical":"https:\/\/monicagdowzok.de\/en\/downloads\/","og_locale":"en_US","og_type":"article","og_title":"Downloads - Monica Gdowzok","og_description":"F\u00fcr dich zum Downloaden: Arbeitsbl\u00e4tterArbeitsblatt &#8222;Urteile \u00fcber deinen N\u00e4chsten&#8222;Arbeitsblatt &#8222;Untersuche eine \u00dcberzeugung&#8222; &#8222; Weitere n\u00fctzliche MaterialienDas kleine Buch als Einf\u00fchrung in The WorkAnleitung zu The WorkWeit verbreitete \u00dcberzeugungenListe von Gef\u00fchlenLeitfaden zum Begleitenvtw-Brosch\u00fcre &#8222;Willst du Recht haben, oder gl\u00fccklich sein?&#8222;","og_url":"https:\/\/monicagdowzok.de\/en\/downloads\/","og_site_name":"Monica Gdowzok","article_modified_time":"2022-07-05T12:19:58+00:00","twitter_card":"summary_large_image","twitter_misc":{"Est. reading time":"1 minute"},"schema":{"@context":"https:\/\/schema.org","@graph":[{"@type":"WebPage","@id":"https:\/\/monicagdowzok.de\/downloads","url":"https:\/\/monicagdowzok.de\/downloads","name":"Downloads - Monica Gdowzok","isPartOf":{"@id":"https:\/\/monicagdowzok.de\/#website"},"datePublished":"2022-05-24T12:47:11+00:00","dateModified":"2022-07-05T12:19:58+00:00","breadcrumb":{"@id":"https:\/\/monicagdowzok.de\/downloads#breadcrumb"},"inLanguage":"en-US","potentialAction":[{"@type":"ReadAction","target":["https:\/\/monicagdowzok.de\/downloads"]}]},{"@type":"BreadcrumbList","@id":"https:\/\/monicagdowzok.de\/downloads#breadcrumb","itemListElement":[{"@type":"ListItem","position":1,"name":"Home","item":"https:\/\/monicagdowzok.de\/"},{"@type":"ListItem","position":2,"name":"Downloads"}]},{"@type":"WebSite","@id":"https:\/\/monicagdowzok.de\/#website","url":"https:\/\/monicagdowzok.de\/","name":"Monica Gdowzok","description":"Heilpraktikerin f\u00fcr Psychotherapie in Berlin und Panketal","publisher":{"@id":"https:\/\/monicagdowzok.de\/#organization"},"potentialAction":[{"@type":"SearchAction","target":{"@type":"EntryPoint","urlTemplate":"https:\/\/monicagdowzok.de\/?s={search_term_string}"},"query-input":"required name=search_term_string"}],"inLanguage":"en-US"},{"@type":"Organization","@id":"https:\/\/monicagdowzok.de\/#organization","name":"Monica Gdowzok","url":"https:\/\/monicagdowzok.de\/","logo":{"@type":"ImageObject","inLanguage":"en-US","@id":"https:\/\/monicagdowzok.de\/#\/schema\/logo\/image\/","url":"https:\/\/monicagdowzok.de\/wp-content\/uploads\/2022\/01\/logo-3.png","contentUrl":"https:\/\/monicagdowzok.de\/wp-content\/uploads\/2022\/01\/logo-3.png","width":1000,"height":178,"caption":"Monica Gdowzok"},"image":{"@id":"https:\/\/monicagdowzok.de\/#\/schema\/logo\/image\/"}}]}},"uagb_featured_image_src":{"full":false,"thumbnail":false,"medium":false,"medium_large":false,"large":false,"1536x1536":false,"2048x2048":false,"trp-custom-language-flag":false,"neve-blog":false},"uagb_author_info":{"display_name":"monica","author_link":"https:\/\/monicagdowzok.de\/en\/author\/monica"},"uagb_comment_info":0,"uagb_excerpt":"F\u00fcr dich zum Downloaden: Arbeitsbl\u00e4tterArbeitsblatt &#8222;Urteile \u00fcber deinen N\u00e4chsten&#8222;Arbeitsblatt &#8222;Untersuche eine \u00dcberzeugung&#8222; &#8222; Weitere n\u00fctzliche MaterialienDas kleine Buch als Einf\u00fchrung in The WorkAnleitung zu The WorkWeit verbreitete \u00dcberzeugungenListe von Gef\u00fchlenLeitfaden zum Begleitenvtw-Brosch\u00fcre &#8222;Willst du Recht haben, oder gl\u00fccklich sein?&#8222;","_links":{"self":[{"href":"https:\/\/monicagdowzok.de\/en\/wp-json\/wp\/v2\/pages\/870","targetHints":{"allow":["GET"]}}],"collection":[{"href":"https:\/\/monicagdowzok.de\/en\/wp-json\/wp\/v2\/pages"}],"about":[{"href":"https:\/\/monicagdowzok.de\/en\/wp-json\/wp\/v2\/types\/page"}],"author":[{"embeddable":true,"href":"https:\/\/monicagdowzok.de\/en\/wp-json\/wp\/v2\/users\/1"}],"replies":[{"embeddable":true,"href":"https:\/\/monicagdowzok.de\/en\/wp-json\/wp\/v2\/comments?post=870"}],"version-history":[{"count":5,"href":"https:\/\/monicagdowzok.de\/en\/wp-json\/wp\/v2\/pages\/870\/revisions"}],"predecessor-version":[{"id":921,"href":"https:\/\/monicagdowzok.de\/en\/wp-json\/wp\/v2\/pages\/870\/revisions\/921"}],"wp:attachment":[{"href":"https:\/\/monicagdowzok.de\/en\/wp-json\/wp\/v2\/media?parent=870"}],"curies":[{"name":"wp","href":"https:\/\/api.w.org\/{rel}","templated":true}]}}