{"id":626,"date":"2022-01-25T18:09:06","date_gmt":"2022-01-25T16:09:06","guid":{"rendered":"https:\/\/monicagdowzok.de\/?page_id=626"},"modified":"2022-03-20T18:58:32","modified_gmt":"2022-03-20T16:58:32","slug":"the-work","status":"publish","type":"page","link":"https:\/\/monicagdowzok.de\/en\/the-work","title":{"rendered":"THE WORK"},"content":{"rendered":"<div class=\"wp-block-cover alignfull is-light\" style=\"min-height:769px;aspect-ratio:unset;\"><span aria-hidden=\"true\" class=\"has-background-dim-30 wp-block-cover__gradient-background has-pale-ocean-gradient-background has-background-dim has-background-gradient\"><\/span><img decoding=\"async\" class=\"wp-block-cover__image-background wp-image-621\" alt=\"\" src=\"https:\/\/monicagdowzok.de\/wp-content\/uploads\/2022\/01\/selbstfindung.jpg\" style=\"object-position:57% 66%\" data-object-fit=\"cover\" data-object-position=\"57% 66%\"\/><div class=\"wp-block-cover__inner-container is-layout-flow wp-block-cover-is-layout-flow\">\n<div style=\"height:40px\" aria-hidden=\"true\" class=\"wp-block-spacer\"><\/div>\n\n\n\n<div class=\"wp-block-columns are-vertically-aligned-center is-layout-flex wp-container-core-columns-is-layout-9d6595d7 wp-block-columns-is-layout-flex\">\n<div class=\"wp-block-column is-vertically-aligned-center is-layout-flow wp-block-column-is-layout-flow\" style=\"flex-basis:100%\">\n<h2 class=\"alignfull has-text-align-center wp-block-heading\" style=\"font-size:56px\"><br>Mit THE WORK<br>sich selbst entdecken.<\/h2>\n<\/div>\n<\/div>\n\n\n\n<div style=\"height:40px\" aria-hidden=\"true\" class=\"wp-block-spacer\"><\/div>\n<\/div><\/div>\n\n\n\n<div style=\"height:40px\" aria-hidden=\"true\" class=\"wp-block-spacer\"><\/div>\n\n\n\n<div class=\"wp-block-columns are-vertically-aligned-top is-layout-flex wp-container-core-columns-is-layout-9d6595d7 wp-block-columns-is-layout-flex\">\n<div class=\"wp-block-column is-layout-flow wp-block-column-is-layout-flow\" style=\"flex-basis:20%\"><\/div>\n\n\n\n<div class=\"wp-block-column is-vertically-aligned-top is-layout-flow wp-block-column-is-layout-flow\" style=\"flex-basis:600px\">\n<h2 class=\"wp-block-heading\"><mark style=\"background-color:rgba(0, 0, 0, 0)\" class=\"has-inline-color has-neve-link-color-color\">Du leidest nur unter dem Glauben, dass in deinem Leben etwas fehlt. Byron Katie<\/mark><\/h2>\n\n\n\n<p>In diesem Moment, hier und jetzt, ist alles perfekt. So wie es sein soll. Kannst du dem nicht zustimmen, aus welchem Grund auch immer, leidest. du. <\/p>\n\n\n\n<p>The Work ist ein einfacher und starker Prozess, der von der US-Amerikanerin Byron Katie entwickelt wurde. Durch The Work k\u00f6nnen Gedanken und Glaubenss\u00e4tze identifiziert werden, die uns einschr\u00e4nken, Stress ausl\u00f6sen und uns aus dem inneren Gleichgewicht bringen. \u2013 \u201eIch sollte mehr Sport machen\u201c, \u201eMein Vater hat mich nicht genug geliebt\u201c oder \u201eIch kann nicht tanzen\u201c\u00a0sind Beispiele f\u00fcr solche stressigen Gedanken. Sie k\u00f6nnen nicht nur unseren Kopf schwer und voll machen, sondern uns manchmal sogar jahrelang in einer L\u00e4hmung voller Leid und Frustration halten.<\/p>\n\n\n\n<h2 class=\"has-neve-link-color-color has-text-color wp-block-heading\">Leid und&nbsp;Frustration entstehen, wenn wir im Widerspruch mit der Realit\u00e4t leben.<\/h2>\n\n\n\n<p>Es hat zwei Gr\u00fcnde, dass wir mit solchen einschr\u00e4nkenden Glaubenss\u00e4tzen nicht aus unserem schlechten inneren Zustand herauskommen.<\/p>\n\n\n\n<p>1.) &nbsp;Wir akzeptieren die Realit\u00e4t nicht so, wie sie nun einmal ist. \u201eIch sollte mehr Sport machen.\u201c&nbsp;\u2013 Ich mache aber nur so viel Sport, wie ich es tue. Solange ich denke, dass ich mehr Sport machen sollte, lebe ich im Widerspruch mit der Realit\u00e4t.&nbsp;<\/p>\n\n\n\n<p>2.) &nbsp;Wir glauben Gedanken \u00fcber andere und \u00fcber uns selbst, ohne zu \u00fcberpr\u00fcfen, ob diese Glaubenss\u00e4tze wirklich wahr sind. \u201eIch kann nicht tanzen.\u201c&nbsp;Solange ich dieser Aussage Glauben schenke, wird sie sich immer wieder selbst best\u00e4tigen. Ich werde gar nicht auf die Idee kommen Musik aufzulegen und etwas zu tanzen, denn ich kann ja gar nicht tanzen.<\/p>\n\n\n\n<h2 class=\"has-neve-link-color-color has-text-color wp-block-heading\">The Work er\u00f6ffnet uns neue Perspektiven<\/h2>\n\n\n\n<p>The Work er\u00f6ffnet uns die spannende M\u00f6glichkeit, in unserem eigenen Denken die Perspektive zu wechseln. Dieser Weg basiert darauf, all die kleinen und gro\u00dfen Gedanken, mit denen wir uns selbst jeden Tag Schmerz, Wut, Trauer und \u00c4rger bereiten, grunds\u00e4tzlich zu hinterfragen. Das Ergebnis: Wir beginnen, die Realit\u00e4t, uns selbst und unsere Mitmenschen mit anderen Augen zu sehen und ausgeblendete Erfahrungsanteile wiederzuentdecken. Stress und unangenehme Gef\u00fchle nehmen ab, an ihre Stelle treten Klarheit und Freude.<\/p>\n\n\n\n<p>Menschen, die The Work regelm\u00e4\u00dfig anwenden, berichten \u00fcber einschneidende positive Ver\u00e4nderungen in ihrem Leben.<\/p>\n\n\n\n<p>Wenn du wissen m\u00f6chtest, wie The Work funktioniert, lies dir diese <a href=\"https:\/\/monicagdowzok.de\/wp-content\/uploads\/2022\/03\/AnleitungzuTheWork.pdf\">Anleitung<\/a> durch.<\/p>\n\n\n\n<p>Urteile \u00fcber deinen N\u00e4chsten, schreib es auf, stell die 4 Fragen und dreh es (deine Gedanken) um! Sei offen f\u00fcr das, was sich zeigt und erlebe die Magie der inneren Selbstbefragung.<\/p>\n\n\n\n<p>&nbsp;<\/p>\n<\/div>\n<\/div>\n\n\n\n<div class=\"wp-block-columns are-vertically-aligned-top is-layout-flex wp-container-core-columns-is-layout-9d6595d7 wp-block-columns-is-layout-flex\">\n<div class=\"wp-block-column is-vertically-aligned-top is-layout-flow wp-block-column-is-layout-flow\">\n<figure class=\"wp-block-image size-full\"><img loading=\"lazy\" decoding=\"async\" width=\"800\" height=\"800\" src=\"https:\/\/monicagdowzok.de\/wp-content\/uploads\/2022\/01\/monica.jpg\" alt=\"\" class=\"wp-image-459\" srcset=\"https:\/\/monicagdowzok.de\/wp-content\/uploads\/2022\/01\/monica.jpg 800w, https:\/\/monicagdowzok.de\/wp-content\/uploads\/2022\/01\/monica-300x300.jpg 300w, https:\/\/monicagdowzok.de\/wp-content\/uploads\/2022\/01\/monica-150x150.jpg 150w, https:\/\/monicagdowzok.de\/wp-content\/uploads\/2022\/01\/monica-768x768.jpg 768w\" sizes=\"auto, (max-width: 800px) 100vw, 800px\" \/><\/figure>\n\n\n\n<h3 class=\"wp-block-heading\" id=\"warum-the-work\">\u00dcber mich<\/h3>\n\n\n\n<p>Wo komme ich her, was tue ich und wo will ich hin?<\/p>\n\n\n\n<div class=\"wp-block-buttons is-layout-flex wp-block-buttons-is-layout-flex\">\n<div class=\"wp-block-button is-style-primary\"><a class=\"wp-block-button__link\" href=\"https:\/\/monicagdowzok.de\/en\/about\/\">Mehr erfahren<\/a><\/div>\n<\/div>\n<\/div>\n\n\n\n<div class=\"wp-block-column is-vertically-aligned-top is-layout-flow wp-block-column-is-layout-flow\">\n<figure class=\"wp-block-image size-large\"><a href=\"https:\/\/monicagdowzok.de\/en\/paarsitzung\/\"><img loading=\"lazy\" decoding=\"async\" width=\"1024\" height=\"1024\" src=\"https:\/\/monicagdowzok.de\/wp-content\/uploads\/2022\/03\/paartherapie-1-1024x1024.jpg\" alt=\"\" class=\"wp-image-766\" srcset=\"https:\/\/monicagdowzok.de\/wp-content\/uploads\/2022\/03\/paartherapie-1-1024x1024.jpg 1024w, https:\/\/monicagdowzok.de\/wp-content\/uploads\/2022\/03\/paartherapie-1-300x300.jpg 300w, https:\/\/monicagdowzok.de\/wp-content\/uploads\/2022\/03\/paartherapie-1-150x150.jpg 150w, https:\/\/monicagdowzok.de\/wp-content\/uploads\/2022\/03\/paartherapie-1-768x768.jpg 768w, https:\/\/monicagdowzok.de\/wp-content\/uploads\/2022\/03\/paartherapie-1.jpg 1200w\" sizes=\"auto, (max-width: 1024px) 100vw, 1024px\" \/><\/a><\/figure>\n\n\n\n<h3 class=\"wp-block-heading\" id=\"hilfe-fur-paare\">Hilfe f\u00fcr Paare<\/h3>\n\n\n\n<p>Ich biete auch Paaren Unterst\u00fctzung an.<\/p>\n\n\n\n<div class=\"wp-block-buttons is-layout-flex wp-block-buttons-is-layout-flex\">\n<div class=\"wp-block-button is-style-primary\"><a class=\"wp-block-button__link\" href=\"https:\/\/monicagdowzok.de\/en\/paarsitzung\/\">Mehr erfahren<\/a><\/div>\n<\/div>\n<\/div>\n\n\n\n<div class=\"wp-block-column is-vertically-aligned-top is-layout-flow wp-block-column-is-layout-flow\">\n<figure class=\"wp-block-image size-full\"><img loading=\"lazy\" decoding=\"async\" width=\"500\" height=\"500\" src=\"https:\/\/monicagdowzok.de\/wp-content\/uploads\/2022\/03\/geburtstrauma-therapie.png\" alt=\"\" class=\"wp-image-757\" srcset=\"https:\/\/monicagdowzok.de\/wp-content\/uploads\/2022\/03\/geburtstrauma-therapie.png 500w, https:\/\/monicagdowzok.de\/wp-content\/uploads\/2022\/03\/geburtstrauma-therapie-300x300.png 300w, https:\/\/monicagdowzok.de\/wp-content\/uploads\/2022\/03\/geburtstrauma-therapie-150x150.png 150w\" sizes=\"auto, (max-width: 500px) 100vw, 500px\" \/><\/figure>\n\n\n\n<h3 class=\"wp-block-heading\" id=\"wenn-der-start-nicht-klappt\">Wenn der Start nicht klappt<\/h3>\n\n\n\n<p>Gemeinsam mit mir Geburtstraumata betrachten.<\/p>\n\n\n\n<div class=\"wp-block-buttons is-layout-flex wp-block-buttons-is-layout-flex\">\n<div class=\"wp-block-button is-style-primary\"><a class=\"wp-block-button__link\" href=\"https:\/\/monicagdowzok.de\/en\/geburtstrauma\/\">Mehr erfahren<\/a><\/div>\n<\/div>\n\n\n\n<p><\/p>\n<\/div>\n<\/div>\n\n\n\n<div style=\"height:40px\" aria-hidden=\"true\" class=\"wp-block-spacer\"><\/div>","protected":false},"excerpt":{"rendered":"<p>Du leidest nur unter dem Glauben, dass in deinem Leben etwas fehlt. Byron Katie In diesem Moment, hier und jetzt, ist alles perfekt. So wie es sein soll. Kannst du dem nicht zustimmen, aus welchem Grund auch immer, leidest. du. The Work ist ein einfacher und starker Prozess, der von der US-Amerikanerin Byron Katie entwickelt&hellip;&nbsp;<a href=\"https:\/\/monicagdowzok.de\/en\/the-work\" class=\"\" rel=\"bookmark\">Read More &raquo;<span class=\"screen-reader-text\">THE WORK<\/span><\/a><\/p>","protected":false},"author":1,"featured_media":0,"parent":0,"menu_order":0,"comment_status":"closed","ping_status":"closed","template":"","meta":{"_uag_custom_page_level_css":"","neve_meta_sidebar":"full-width","neve_meta_container":"","neve_meta_enable_content_width":"on","neve_meta_content_width":100,"neve_meta_title_alignment":"","neve_meta_author_avatar":"","neve_post_elements_order":"","neve_meta_disable_header":"","neve_meta_disable_footer":"","neve_meta_disable_title":"on","neve_meta_reading_time":"","_ti_tpc_template_sync":false,"_ti_tpc_template_id":"","footnotes":""},"class_list":["post-626","page","type-page","status-publish","hentry"],"yoast_head":"<!-- This site is optimized with the Yoast SEO plugin v21.1 - https:\/\/yoast.com\/wordpress\/plugins\/seo\/ -->\n<title>THE WORK - Monica Gdowzok<\/title>\n<meta name=\"robots\" content=\"index, follow, max-snippet:-1, max-image-preview:large, max-video-preview:-1\" \/>\n<link rel=\"canonical\" href=\"https:\/\/monicagdowzok.de\/en\/the-work\/\" \/>\n<meta property=\"og:locale\" content=\"en_US\" \/>\n<meta property=\"og:type\" content=\"article\" \/>\n<meta property=\"og:title\" content=\"THE WORK - Monica Gdowzok\" \/>\n<meta property=\"og:description\" content=\"Du leidest nur unter dem Glauben, dass in deinem Leben etwas fehlt. Byron Katie In diesem Moment, hier und jetzt, ist alles perfekt. So wie es sein soll. Kannst du dem nicht zustimmen, aus welchem Grund auch immer, leidest. du. The Work ist ein einfacher und starker Prozess, der von der US-Amerikanerin Byron Katie entwickelt&hellip;&nbsp;Read More &raquo;THE WORK\" \/>\n<meta property=\"og:url\" content=\"https:\/\/monicagdowzok.de\/en\/the-work\/\" \/>\n<meta property=\"og:site_name\" content=\"Monica Gdowzok\" \/>\n<meta property=\"article:modified_time\" content=\"2022-03-20T16:58:32+00:00\" \/>\n<meta property=\"og:image\" content=\"https:\/\/monicagdowzok.de\/wp-content\/uploads\/2022\/01\/selbstfindung.jpg\" \/>\n<meta name=\"twitter:card\" content=\"summary_large_image\" \/>\n<meta name=\"twitter:label1\" content=\"Est. reading time\" \/>\n\t<meta name=\"twitter:data1\" content=\"3 minutes\" \/>\n<script type=\"application\/ld+json\" class=\"yoast-schema-graph\">{\"@context\":\"https:\/\/schema.org\",\"@graph\":[{\"@type\":\"WebPage\",\"@id\":\"https:\/\/monicagdowzok.de\/the-work\",\"url\":\"https:\/\/monicagdowzok.de\/the-work\",\"name\":\"THE WORK - Monica Gdowzok\",\"isPartOf\":{\"@id\":\"https:\/\/monicagdowzok.de\/#website\"},\"datePublished\":\"2022-01-25T16:09:06+00:00\",\"dateModified\":\"2022-03-20T16:58:32+00:00\",\"breadcrumb\":{\"@id\":\"https:\/\/monicagdowzok.de\/the-work#breadcrumb\"},\"inLanguage\":\"en-US\",\"potentialAction\":[{\"@type\":\"ReadAction\",\"target\":[\"https:\/\/monicagdowzok.de\/the-work\"]}]},{\"@type\":\"BreadcrumbList\",\"@id\":\"https:\/\/monicagdowzok.de\/the-work#breadcrumb\",\"itemListElement\":[{\"@type\":\"ListItem\",\"position\":1,\"name\":\"Home\",\"item\":\"https:\/\/monicagdowzok.de\/\"},{\"@type\":\"ListItem\",\"position\":2,\"name\":\"THE WORK\"}]},{\"@type\":\"WebSite\",\"@id\":\"https:\/\/monicagdowzok.de\/#website\",\"url\":\"https:\/\/monicagdowzok.de\/\",\"name\":\"Monica Gdowzok\",\"description\":\"Heilpraktikerin f\u00fcr Psychotherapie in Berlin und Panketal\",\"publisher\":{\"@id\":\"https:\/\/monicagdowzok.de\/#organization\"},\"potentialAction\":[{\"@type\":\"SearchAction\",\"target\":{\"@type\":\"EntryPoint\",\"urlTemplate\":\"https:\/\/monicagdowzok.de\/?s={search_term_string}\"},\"query-input\":\"required name=search_term_string\"}],\"inLanguage\":\"en-US\"},{\"@type\":\"Organization\",\"@id\":\"https:\/\/monicagdowzok.de\/#organization\",\"name\":\"Monica Gdowzok\",\"url\":\"https:\/\/monicagdowzok.de\/\",\"logo\":{\"@type\":\"ImageObject\",\"inLanguage\":\"en-US\",\"@id\":\"https:\/\/monicagdowzok.de\/#\/schema\/logo\/image\/\",\"url\":\"https:\/\/monicagdowzok.de\/wp-content\/uploads\/2022\/01\/logo-3.png\",\"contentUrl\":\"https:\/\/monicagdowzok.de\/wp-content\/uploads\/2022\/01\/logo-3.png\",\"width\":1000,\"height\":178,\"caption\":\"Monica Gdowzok\"},\"image\":{\"@id\":\"https:\/\/monicagdowzok.de\/#\/schema\/logo\/image\/\"}}]}<\/script>\n<!-- \/ Yoast SEO plugin. -->","yoast_head_json":{"title":"THE WORK - Monica Gdowzok","robots":{"index":"index","follow":"follow","max-snippet":"max-snippet:-1","max-image-preview":"max-image-preview:large","max-video-preview":"max-video-preview:-1"},"canonical":"https:\/\/monicagdowzok.de\/en\/the-work\/","og_locale":"en_US","og_type":"article","og_title":"THE WORK - Monica Gdowzok","og_description":"Du leidest nur unter dem Glauben, dass in deinem Leben etwas fehlt. Byron Katie In diesem Moment, hier und jetzt, ist alles perfekt. So wie es sein soll. Kannst du dem nicht zustimmen, aus welchem Grund auch immer, leidest. du. The Work ist ein einfacher und starker Prozess, der von der US-Amerikanerin Byron Katie entwickelt&hellip;&nbsp;Read More &raquo;THE WORK","og_url":"https:\/\/monicagdowzok.de\/en\/the-work\/","og_site_name":"Monica Gdowzok","article_modified_time":"2022-03-20T16:58:32+00:00","og_image":[{"url":"https:\/\/monicagdowzok.de\/wp-content\/uploads\/2022\/01\/selbstfindung.jpg"}],"twitter_card":"summary_large_image","twitter_misc":{"Est. reading time":"3 minutes"},"schema":{"@context":"https:\/\/schema.org","@graph":[{"@type":"WebPage","@id":"https:\/\/monicagdowzok.de\/the-work","url":"https:\/\/monicagdowzok.de\/the-work","name":"THE WORK - Monica Gdowzok","isPartOf":{"@id":"https:\/\/monicagdowzok.de\/#website"},"datePublished":"2022-01-25T16:09:06+00:00","dateModified":"2022-03-20T16:58:32+00:00","breadcrumb":{"@id":"https:\/\/monicagdowzok.de\/the-work#breadcrumb"},"inLanguage":"en-US","potentialAction":[{"@type":"ReadAction","target":["https:\/\/monicagdowzok.de\/the-work"]}]},{"@type":"BreadcrumbList","@id":"https:\/\/monicagdowzok.de\/the-work#breadcrumb","itemListElement":[{"@type":"ListItem","position":1,"name":"Home","item":"https:\/\/monicagdowzok.de\/"},{"@type":"ListItem","position":2,"name":"THE WORK"}]},{"@type":"WebSite","@id":"https:\/\/monicagdowzok.de\/#website","url":"https:\/\/monicagdowzok.de\/","name":"Monica Gdowzok","description":"Heilpraktikerin f\u00fcr Psychotherapie in Berlin und Panketal","publisher":{"@id":"https:\/\/monicagdowzok.de\/#organization"},"potentialAction":[{"@type":"SearchAction","target":{"@type":"EntryPoint","urlTemplate":"https:\/\/monicagdowzok.de\/?s={search_term_string}"},"query-input":"required name=search_term_string"}],"inLanguage":"en-US"},{"@type":"Organization","@id":"https:\/\/monicagdowzok.de\/#organization","name":"Monica Gdowzok","url":"https:\/\/monicagdowzok.de\/","logo":{"@type":"ImageObject","inLanguage":"en-US","@id":"https:\/\/monicagdowzok.de\/#\/schema\/logo\/image\/","url":"https:\/\/monicagdowzok.de\/wp-content\/uploads\/2022\/01\/logo-3.png","contentUrl":"https:\/\/monicagdowzok.de\/wp-content\/uploads\/2022\/01\/logo-3.png","width":1000,"height":178,"caption":"Monica Gdowzok"},"image":{"@id":"https:\/\/monicagdowzok.de\/#\/schema\/logo\/image\/"}}]}},"uagb_featured_image_src":{"full":false,"thumbnail":false,"medium":false,"medium_large":false,"large":false,"1536x1536":false,"2048x2048":false,"trp-custom-language-flag":false,"neve-blog":false},"uagb_author_info":{"display_name":"monica","author_link":"https:\/\/monicagdowzok.de\/en\/author\/monica"},"uagb_comment_info":0,"uagb_excerpt":"Du leidest nur unter dem Glauben, dass in deinem Leben etwas fehlt. Byron Katie In diesem Moment, hier und jetzt, ist alles perfekt. So wie es sein soll. Kannst du dem nicht zustimmen, aus welchem Grund auch immer, leidest. du. The Work ist ein einfacher und starker Prozess, der von der US-Amerikanerin Byron Katie entwickelt&hellip;&nbsp;Read&hellip;","_links":{"self":[{"href":"https:\/\/monicagdowzok.de\/en\/wp-json\/wp\/v2\/pages\/626","targetHints":{"allow":["GET"]}}],"collection":[{"href":"https:\/\/monicagdowzok.de\/en\/wp-json\/wp\/v2\/pages"}],"about":[{"href":"https:\/\/monicagdowzok.de\/en\/wp-json\/wp\/v2\/types\/page"}],"author":[{"embeddable":true,"href":"https:\/\/monicagdowzok.de\/en\/wp-json\/wp\/v2\/users\/1"}],"replies":[{"embeddable":true,"href":"https:\/\/monicagdowzok.de\/en\/wp-json\/wp\/v2\/comments?post=626"}],"version-history":[{"count":14,"href":"https:\/\/monicagdowzok.de\/en\/wp-json\/wp\/v2\/pages\/626\/revisions"}],"predecessor-version":[{"id":836,"href":"https:\/\/monicagdowzok.de\/en\/wp-json\/wp\/v2\/pages\/626\/revisions\/836"}],"wp:attachment":[{"href":"https:\/\/monicagdowzok.de\/en\/wp-json\/wp\/v2\/media?parent=626"}],"curies":[{"name":"wp","href":"https:\/\/api.w.org\/{rel}","templated":true}]}}