{"id":561,"date":"2022-01-25T12:31:59","date_gmt":"2022-01-25T10:31:59","guid":{"rendered":"https:\/\/monicagdowzok.de\/?page_id=561"},"modified":"2022-05-20T14:08:06","modified_gmt":"2022-05-20T12:08:06","slug":"paarsitzung","status":"publish","type":"page","link":"https:\/\/monicagdowzok.de\/en\/paarsitzung","title":{"rendered":"Paarsitzung"},"content":{"rendered":"<div class=\"wp-block-cover alignfull is-light is-repeated\" style=\"background-image:url(https:\/\/monicagdowzok.de\/wp-content\/uploads\/2022\/01\/paartherapie.jpg);min-height:596px;aspect-ratio:unset;\"><span aria-hidden=\"true\" class=\"has-neve-link-color-background-color has-background-dim-40 wp-block-cover__gradient-background has-background-dim\"><\/span><div class=\"wp-block-cover__inner-container is-layout-flow wp-block-cover-is-layout-flow\">\n<div style=\"height:40px\" aria-hidden=\"true\" class=\"wp-block-spacer\"><\/div>\n\n\n\n<div class=\"wp-block-columns are-vertically-aligned-center is-layout-flex wp-container-core-columns-is-layout-9d6595d7 wp-block-columns-is-layout-flex\">\n<div class=\"wp-block-column is-vertically-aligned-center is-layout-flow wp-block-column-is-layout-flow\" style=\"flex-basis:100%\">\n<h2 class=\"alignfull has-text-align-center wp-block-heading\" id=\"titel-paarsitzungen\" style=\"font-size:56px\">Der Lehrer den du brauchst, ist <br>der Mensch mit dem du zusammenlebst. <br>Byron Katie<\/h2>\n<\/div>\n<\/div>\n\n\n\n<div style=\"height:40px\" aria-hidden=\"true\" class=\"wp-block-spacer\"><\/div>\n<\/div><\/div>\n\n\n\n<div style=\"height:40px\" aria-hidden=\"true\" class=\"wp-block-spacer\"><\/div>\n\n\n\n<div class=\"wp-block-columns are-vertically-aligned-top is-layout-flex wp-container-core-columns-is-layout-9d6595d7 wp-block-columns-is-layout-flex\">\n<div class=\"wp-block-column is-layout-flow wp-block-column-is-layout-flow\" style=\"flex-basis:20%\"><\/div>\n\n\n\n<div class=\"wp-block-column is-vertically-aligned-top is-layout-flow wp-block-column-is-layout-flow\" style=\"flex-basis:600px\">\n<div style=\"height:125px\" aria-hidden=\"true\" class=\"wp-block-spacer\"><\/div>\n\n\n\n<h2 class=\"wp-block-heading\" id=\"wenn-alles-schwer-ist\"><mark style=\"background-color:rgba(0, 0, 0, 0)\" class=\"has-inline-color has-neve-link-color-color\">Wenn wir Liebe im Anderen suchen  <\/mark><\/h2>\n\n\n\n<p>Byron Katie sagt, dass man im Grunde gedanklich in dreierlei Angelegenheiten sein kann: In den eigenen, in denen eines anderen und in denen des Schicksals\/des Universums\/Gottes. Und wenn wir nicht in unseren Angelegenheiten sind, erzeugt das in der Regel Leiden.<\/p>\n\n\n\n<p>Dies ist ein h\u00e4ufiger Grund, warum es in Beziehungen hakt. Jeder ist in den Dingen, Gedanken, Gef\u00fchlen des anderen und nicht in seinen. Und wenn ich beim anderen bin, ist niemand f\u00fcr mich da.<\/p>\n\n\n\n<p>The Work bietet einen guten Rahmen, auch in angespannten Situationen, mit dem Partner zu kommunizieren. Wir k\u00f6nnen gemeinsam ansehen, wie Ihr \u00fcbereinander denkt und f\u00fchlt. Welche \u00dcberzeugungen, \u00c4ngste und Bewertungen vielleicht da sind. Und wir k\u00f6nnen gemeinsam erforschen, wie es weiter gehen k\u00f6nnte.<\/p>\n\n\n\n<h2 class=\"has-neve-link-color-color has-text-color wp-block-heading\">In meinen Angelegenheiten zu bleiben ist ein Vollzeit-Job. <\/h2>\n\n\n\n<p>Ein ganz zentraler Punkt ist hier zu sehen, wo und wann ich in den Angelegenheiten meines Partners bin, wie ich vielleicht sogar glaube, dass ich dies sein sollte. Wenn das erkannt wird, wenn jeder f\u00fcr sein eigenes Gl\u00fcck die Verantwortung tr\u00e4gt, wird viel Energie frei. Und wenn diese Energie wieder flie\u00dfen kann, er\u00f6ffnen sich neue, andere M\u00f6glichkeiten.<\/p>\n\n\n\n<p><\/p>\n\n\n\n<h3 class=\"has-neve-link-color-color has-text-color wp-block-heading\" id=\"weisheit-und-kraft\">Schaut, was wir f\u00fcr eure Liebe tun k\u00f6nnen.<\/h3>\n\n\n\n<p><\/p>\n\n\n\n<p>&nbsp;<\/p>\n<\/div>\n<\/div>\n\n\n\n<div class=\"wp-block-columns are-vertically-aligned-top is-layout-flex wp-container-core-columns-is-layout-9d6595d7 wp-block-columns-is-layout-flex\">\n<div class=\"wp-block-column is-vertically-aligned-top is-layout-flow wp-block-column-is-layout-flow\">\n<figure class=\"wp-block-image size-full\"><img loading=\"lazy\" decoding=\"async\" width=\"800\" height=\"800\" src=\"https:\/\/monicagdowzok.de\/wp-content\/uploads\/2022\/01\/monica.jpg\" alt=\"\" class=\"wp-image-459\" srcset=\"https:\/\/monicagdowzok.de\/wp-content\/uploads\/2022\/01\/monica.jpg 800w, https:\/\/monicagdowzok.de\/wp-content\/uploads\/2022\/01\/monica-300x300.jpg 300w, https:\/\/monicagdowzok.de\/wp-content\/uploads\/2022\/01\/monica-150x150.jpg 150w, https:\/\/monicagdowzok.de\/wp-content\/uploads\/2022\/01\/monica-768x768.jpg 768w\" sizes=\"auto, (max-width: 800px) 100vw, 800px\" \/><\/figure>\n\n\n\n<h3 class=\"wp-block-heading\" id=\"warum-the-work\">\u00dcber mich<\/h3>\n\n\n\n<p>Wo komme ich her, was tue ich und wo will ich hin?<\/p>\n\n\n\n<div class=\"wp-block-buttons is-layout-flex wp-block-buttons-is-layout-flex\">\n<div class=\"wp-block-button is-style-primary\"><a class=\"wp-block-button__link\" href=\"https:\/\/monicagdowzok.de\/en\/about\/\">Mehr erfahren<\/a><\/div>\n<\/div>\n<\/div>\n\n\n\n<div class=\"wp-block-column is-vertically-aligned-top is-layout-flow wp-block-column-is-layout-flow\">\n<figure class=\"wp-block-image size-large\"><a href=\"https:\/\/monicagdowzok.de\/en\/paarsitzung\/\"><img loading=\"lazy\" decoding=\"async\" width=\"1024\" height=\"1024\" src=\"https:\/\/monicagdowzok.de\/wp-content\/uploads\/2022\/03\/paartherapie-1-1024x1024.jpg\" alt=\"\" class=\"wp-image-766\" srcset=\"https:\/\/monicagdowzok.de\/wp-content\/uploads\/2022\/03\/paartherapie-1-1024x1024.jpg 1024w, https:\/\/monicagdowzok.de\/wp-content\/uploads\/2022\/03\/paartherapie-1-300x300.jpg 300w, https:\/\/monicagdowzok.de\/wp-content\/uploads\/2022\/03\/paartherapie-1-150x150.jpg 150w, https:\/\/monicagdowzok.de\/wp-content\/uploads\/2022\/03\/paartherapie-1-768x768.jpg 768w, https:\/\/monicagdowzok.de\/wp-content\/uploads\/2022\/03\/paartherapie-1.jpg 1200w\" sizes=\"auto, (max-width: 1024px) 100vw, 1024px\" \/><\/a><\/figure>\n\n\n\n<h3 class=\"wp-block-heading\" id=\"hilfe-fur-paare\">Hilfe f\u00fcr Paare<\/h3>\n\n\n\n<p>Ich biete auch Paaren Unterst\u00fctzung an.<\/p>\n\n\n\n<div class=\"wp-block-buttons is-layout-flex wp-block-buttons-is-layout-flex\">\n<div class=\"wp-block-button is-style-primary\"><a class=\"wp-block-button__link\" href=\"https:\/\/monicagdowzok.de\/en\/paarsitzung\/\">Mehr erfahren<\/a><\/div>\n<\/div>\n<\/div>\n\n\n\n<div class=\"wp-block-column is-vertically-aligned-top is-layout-flow wp-block-column-is-layout-flow\">\n<figure class=\"wp-block-image size-full\"><img loading=\"lazy\" decoding=\"async\" width=\"500\" height=\"500\" src=\"https:\/\/monicagdowzok.de\/wp-content\/uploads\/2022\/03\/geburtstrauma-therapie.png\" alt=\"\" class=\"wp-image-757\" srcset=\"https:\/\/monicagdowzok.de\/wp-content\/uploads\/2022\/03\/geburtstrauma-therapie.png 500w, https:\/\/monicagdowzok.de\/wp-content\/uploads\/2022\/03\/geburtstrauma-therapie-300x300.png 300w, https:\/\/monicagdowzok.de\/wp-content\/uploads\/2022\/03\/geburtstrauma-therapie-150x150.png 150w\" sizes=\"auto, (max-width: 500px) 100vw, 500px\" \/><\/figure>\n\n\n\n<h3 class=\"wp-block-heading\" id=\"wenn-der-start-nicht-klappt\">Wenn der Start nicht klappt<\/h3>\n\n\n\n<p>Gemeinsam mit mir Geburtstraumata betrachten.<\/p>\n\n\n\n<div class=\"wp-block-buttons is-layout-flex wp-block-buttons-is-layout-flex\">\n<div class=\"wp-block-button is-style-primary\"><a class=\"wp-block-button__link\" href=\"https:\/\/monicagdowzok.de\/en\/geburtstrauma\/\">Mehr erfahren<\/a><\/div>\n<\/div>\n\n\n\n<p><\/p>\n<\/div>\n<\/div>\n\n\n\n<div style=\"height:40px\" aria-hidden=\"true\" class=\"wp-block-spacer\"><\/div>","protected":false},"excerpt":{"rendered":"<p>Wenn wir Liebe im Anderen suchen Byron Katie sagt, dass man im Grunde gedanklich in dreierlei Angelegenheiten sein kann: In den eigenen, in denen eines anderen und in denen des Schicksals\/des Universums\/Gottes. Und wenn wir nicht in unseren Angelegenheiten sind, erzeugt das in der Regel Leiden. Dies ist ein h\u00e4ufiger Grund, warum es in Beziehungen&hellip;&nbsp;<a href=\"https:\/\/monicagdowzok.de\/en\/paarsitzung\" class=\"\" rel=\"bookmark\">Read More &raquo;<span class=\"screen-reader-text\">Paarsitzung<\/span><\/a><\/p>","protected":false},"author":1,"featured_media":0,"parent":0,"menu_order":0,"comment_status":"closed","ping_status":"closed","template":"","meta":{"_uag_custom_page_level_css":"","neve_meta_sidebar":"full-width","neve_meta_container":"","neve_meta_enable_content_width":"on","neve_meta_content_width":100,"neve_meta_title_alignment":"","neve_meta_author_avatar":"","neve_post_elements_order":"","neve_meta_disable_header":"","neve_meta_disable_footer":"","neve_meta_disable_title":"on","neve_meta_reading_time":"","_ti_tpc_template_sync":false,"_ti_tpc_template_id":"","footnotes":""},"class_list":["post-561","page","type-page","status-publish","hentry"],"yoast_head":"<!-- This site is optimized with the Yoast SEO plugin v21.1 - https:\/\/yoast.com\/wordpress\/plugins\/seo\/ -->\n<title>Paarsitzung - Monica Gdowzok<\/title>\n<meta name=\"robots\" content=\"index, follow, max-snippet:-1, max-image-preview:large, max-video-preview:-1\" \/>\n<link rel=\"canonical\" href=\"https:\/\/monicagdowzok.de\/en\/paarsitzung\/\" \/>\n<meta property=\"og:locale\" content=\"en_US\" \/>\n<meta property=\"og:type\" content=\"article\" \/>\n<meta property=\"og:title\" content=\"Paarsitzung - Monica Gdowzok\" \/>\n<meta property=\"og:description\" content=\"Wenn wir Liebe im Anderen suchen Byron Katie sagt, dass man im Grunde gedanklich in dreierlei Angelegenheiten sein kann: In den eigenen, in denen eines anderen und in denen des Schicksals\/des Universums\/Gottes. Und wenn wir nicht in unseren Angelegenheiten sind, erzeugt das in der Regel Leiden. Dies ist ein h\u00e4ufiger Grund, warum es in Beziehungen&hellip;&nbsp;Read More &raquo;Paarsitzung\" \/>\n<meta property=\"og:url\" content=\"https:\/\/monicagdowzok.de\/en\/paarsitzung\/\" \/>\n<meta property=\"og:site_name\" content=\"Monica Gdowzok\" \/>\n<meta property=\"article:modified_time\" content=\"2022-05-20T12:08:06+00:00\" \/>\n<meta name=\"twitter:card\" content=\"summary_large_image\" \/>\n<meta name=\"twitter:label1\" content=\"Est. reading time\" \/>\n\t<meta name=\"twitter:data1\" content=\"2 minutes\" \/>\n<script type=\"application\/ld+json\" class=\"yoast-schema-graph\">{\"@context\":\"https:\/\/schema.org\",\"@graph\":[{\"@type\":\"WebPage\",\"@id\":\"https:\/\/monicagdowzok.de\/paarsitzung\",\"url\":\"https:\/\/monicagdowzok.de\/paarsitzung\",\"name\":\"Paarsitzung - Monica Gdowzok\",\"isPartOf\":{\"@id\":\"https:\/\/monicagdowzok.de\/#website\"},\"datePublished\":\"2022-01-25T10:31:59+00:00\",\"dateModified\":\"2022-05-20T12:08:06+00:00\",\"breadcrumb\":{\"@id\":\"https:\/\/monicagdowzok.de\/paarsitzung#breadcrumb\"},\"inLanguage\":\"en-US\",\"potentialAction\":[{\"@type\":\"ReadAction\",\"target\":[\"https:\/\/monicagdowzok.de\/paarsitzung\"]}]},{\"@type\":\"BreadcrumbList\",\"@id\":\"https:\/\/monicagdowzok.de\/paarsitzung#breadcrumb\",\"itemListElement\":[{\"@type\":\"ListItem\",\"position\":1,\"name\":\"Home\",\"item\":\"https:\/\/monicagdowzok.de\/\"},{\"@type\":\"ListItem\",\"position\":2,\"name\":\"Paarsitzung\"}]},{\"@type\":\"WebSite\",\"@id\":\"https:\/\/monicagdowzok.de\/#website\",\"url\":\"https:\/\/monicagdowzok.de\/\",\"name\":\"Monica Gdowzok\",\"description\":\"Heilpraktikerin f\u00fcr Psychotherapie in Berlin und Panketal\",\"publisher\":{\"@id\":\"https:\/\/monicagdowzok.de\/#organization\"},\"potentialAction\":[{\"@type\":\"SearchAction\",\"target\":{\"@type\":\"EntryPoint\",\"urlTemplate\":\"https:\/\/monicagdowzok.de\/?s={search_term_string}\"},\"query-input\":\"required name=search_term_string\"}],\"inLanguage\":\"en-US\"},{\"@type\":\"Organization\",\"@id\":\"https:\/\/monicagdowzok.de\/#organization\",\"name\":\"Monica Gdowzok\",\"url\":\"https:\/\/monicagdowzok.de\/\",\"logo\":{\"@type\":\"ImageObject\",\"inLanguage\":\"en-US\",\"@id\":\"https:\/\/monicagdowzok.de\/#\/schema\/logo\/image\/\",\"url\":\"https:\/\/monicagdowzok.de\/wp-content\/uploads\/2022\/01\/logo-3.png\",\"contentUrl\":\"https:\/\/monicagdowzok.de\/wp-content\/uploads\/2022\/01\/logo-3.png\",\"width\":1000,\"height\":178,\"caption\":\"Monica Gdowzok\"},\"image\":{\"@id\":\"https:\/\/monicagdowzok.de\/#\/schema\/logo\/image\/\"}}]}<\/script>\n<!-- \/ Yoast SEO plugin. -->","yoast_head_json":{"title":"Paarsitzung - Monica Gdowzok","robots":{"index":"index","follow":"follow","max-snippet":"max-snippet:-1","max-image-preview":"max-image-preview:large","max-video-preview":"max-video-preview:-1"},"canonical":"https:\/\/monicagdowzok.de\/en\/paarsitzung\/","og_locale":"en_US","og_type":"article","og_title":"Paarsitzung - Monica Gdowzok","og_description":"Wenn wir Liebe im Anderen suchen Byron Katie sagt, dass man im Grunde gedanklich in dreierlei Angelegenheiten sein kann: In den eigenen, in denen eines anderen und in denen des Schicksals\/des Universums\/Gottes. Und wenn wir nicht in unseren Angelegenheiten sind, erzeugt das in der Regel Leiden. Dies ist ein h\u00e4ufiger Grund, warum es in Beziehungen&hellip;&nbsp;Read More &raquo;Paarsitzung","og_url":"https:\/\/monicagdowzok.de\/en\/paarsitzung\/","og_site_name":"Monica Gdowzok","article_modified_time":"2022-05-20T12:08:06+00:00","twitter_card":"summary_large_image","twitter_misc":{"Est. reading time":"2 minutes"},"schema":{"@context":"https:\/\/schema.org","@graph":[{"@type":"WebPage","@id":"https:\/\/monicagdowzok.de\/paarsitzung","url":"https:\/\/monicagdowzok.de\/paarsitzung","name":"Paarsitzung - Monica Gdowzok","isPartOf":{"@id":"https:\/\/monicagdowzok.de\/#website"},"datePublished":"2022-01-25T10:31:59+00:00","dateModified":"2022-05-20T12:08:06+00:00","breadcrumb":{"@id":"https:\/\/monicagdowzok.de\/paarsitzung#breadcrumb"},"inLanguage":"en-US","potentialAction":[{"@type":"ReadAction","target":["https:\/\/monicagdowzok.de\/paarsitzung"]}]},{"@type":"BreadcrumbList","@id":"https:\/\/monicagdowzok.de\/paarsitzung#breadcrumb","itemListElement":[{"@type":"ListItem","position":1,"name":"Home","item":"https:\/\/monicagdowzok.de\/"},{"@type":"ListItem","position":2,"name":"Paarsitzung"}]},{"@type":"WebSite","@id":"https:\/\/monicagdowzok.de\/#website","url":"https:\/\/monicagdowzok.de\/","name":"Monica Gdowzok","description":"Heilpraktikerin f\u00fcr Psychotherapie in Berlin und Panketal","publisher":{"@id":"https:\/\/monicagdowzok.de\/#organization"},"potentialAction":[{"@type":"SearchAction","target":{"@type":"EntryPoint","urlTemplate":"https:\/\/monicagdowzok.de\/?s={search_term_string}"},"query-input":"required name=search_term_string"}],"inLanguage":"en-US"},{"@type":"Organization","@id":"https:\/\/monicagdowzok.de\/#organization","name":"Monica Gdowzok","url":"https:\/\/monicagdowzok.de\/","logo":{"@type":"ImageObject","inLanguage":"en-US","@id":"https:\/\/monicagdowzok.de\/#\/schema\/logo\/image\/","url":"https:\/\/monicagdowzok.de\/wp-content\/uploads\/2022\/01\/logo-3.png","contentUrl":"https:\/\/monicagdowzok.de\/wp-content\/uploads\/2022\/01\/logo-3.png","width":1000,"height":178,"caption":"Monica Gdowzok"},"image":{"@id":"https:\/\/monicagdowzok.de\/#\/schema\/logo\/image\/"}}]}},"uagb_featured_image_src":{"full":false,"thumbnail":false,"medium":false,"medium_large":false,"large":false,"1536x1536":false,"2048x2048":false,"trp-custom-language-flag":false,"neve-blog":false},"uagb_author_info":{"display_name":"monica","author_link":"https:\/\/monicagdowzok.de\/en\/author\/monica"},"uagb_comment_info":0,"uagb_excerpt":"Wenn wir Liebe im Anderen suchen Byron Katie sagt, dass man im Grunde gedanklich in dreierlei Angelegenheiten sein kann: In den eigenen, in denen eines anderen und in denen des Schicksals\/des Universums\/Gottes. Und wenn wir nicht in unseren Angelegenheiten sind, erzeugt das in der Regel Leiden. Dies ist ein h\u00e4ufiger Grund, warum es in Beziehungen&hellip;&nbsp;Read&hellip;","_links":{"self":[{"href":"https:\/\/monicagdowzok.de\/en\/wp-json\/wp\/v2\/pages\/561","targetHints":{"allow":["GET"]}}],"collection":[{"href":"https:\/\/monicagdowzok.de\/en\/wp-json\/wp\/v2\/pages"}],"about":[{"href":"https:\/\/monicagdowzok.de\/en\/wp-json\/wp\/v2\/types\/page"}],"author":[{"embeddable":true,"href":"https:\/\/monicagdowzok.de\/en\/wp-json\/wp\/v2\/users\/1"}],"replies":[{"embeddable":true,"href":"https:\/\/monicagdowzok.de\/en\/wp-json\/wp\/v2\/comments?post=561"}],"version-history":[{"count":15,"href":"https:\/\/monicagdowzok.de\/en\/wp-json\/wp\/v2\/pages\/561\/revisions"}],"predecessor-version":[{"id":859,"href":"https:\/\/monicagdowzok.de\/en\/wp-json\/wp\/v2\/pages\/561\/revisions\/859"}],"wp:attachment":[{"href":"https:\/\/monicagdowzok.de\/en\/wp-json\/wp\/v2\/media?parent=561"}],"curies":[{"name":"wp","href":"https:\/\/api.w.org\/{rel}","templated":true}]}}