{"id":504,"date":"2022-01-25T11:01:23","date_gmt":"2022-01-25T09:01:23","guid":{"rendered":"https:\/\/monicagdowzok.de\/?page_id=504"},"modified":"2022-05-30T17:23:04","modified_gmt":"2022-05-30T15:23:04","slug":"about","status":"publish","type":"page","link":"https:\/\/monicagdowzok.de\/en\/about","title":{"rendered":"\u00dcber mich"},"content":{"rendered":"<div class=\"wp-block-cover alignfull is-light is-repeated has-custom-content-position is-position-top-left wp-duotone-000000-00a5ff-1\" style=\"background-image:url(https:\/\/monicagdowzok.de\/wp-content\/uploads\/2022\/01\/heart-cover.jpg);min-height:349px;aspect-ratio:unset;\"><span aria-hidden=\"true\" class=\"wp-block-cover__background has-background-dim-20 has-background-dim wp-block-cover__gradient-background has-background-gradient has-pale-ocean-gradient-background\"><\/span><div class=\"wp-block-cover__inner-container is-layout-flow wp-block-cover-is-layout-flow\">\n<div style=\"height:40px\" aria-hidden=\"true\" class=\"wp-block-spacer\"><\/div>\n\n\n\n<div class=\"wp-block-columns are-vertically-aligned-center is-layout-flex wp-container-core-columns-is-layout-9d6595d7 wp-block-columns-is-layout-flex\">\n<div class=\"wp-block-column is-vertically-aligned-center is-layout-flow wp-block-column-is-layout-flow\" style=\"flex-basis:100%\">\n<p><\/p>\n\n\n\n<p><\/p>\n<\/div>\n\n\n\n<div class=\"wp-block-column is-vertically-aligned-center is-layout-flow wp-block-column-is-layout-flow\" style=\"flex-basis:30%\">\n<p>&nbsp;<\/p>\n<\/div>\n<\/div>\n\n\n\n<div style=\"height:40px\" aria-hidden=\"true\" class=\"wp-block-spacer\"><\/div>\n<\/div><\/div>\n\n\n\n<div style=\"height:40px\" aria-hidden=\"true\" class=\"wp-block-spacer\"><\/div>\n\n\n\n<div class=\"wp-block-columns are-vertically-aligned-top is-layout-flex wp-container-core-columns-is-layout-9d6595d7 wp-block-columns-is-layout-flex\">\n<div class=\"wp-block-column is-layout-flow wp-block-column-is-layout-flow\" style=\"flex-basis:20%\"><\/div>\n\n\n\n<div class=\"wp-block-column is-vertically-aligned-top is-layout-flow wp-block-column-is-layout-flow\" style=\"flex-basis:600px\">\n<figure class=\"wp-block-image size-full polaroid\"><img loading=\"lazy\" decoding=\"async\" width=\"800\" height=\"800\" src=\"https:\/\/monicagdowzok.de\/wp-content\/uploads\/2022\/01\/monica.jpg\" alt=\"\" class=\"wp-image-459\" srcset=\"https:\/\/monicagdowzok.de\/wp-content\/uploads\/2022\/01\/monica.jpg 800w, https:\/\/monicagdowzok.de\/wp-content\/uploads\/2022\/01\/monica-300x300.jpg 300w, https:\/\/monicagdowzok.de\/wp-content\/uploads\/2022\/01\/monica-150x150.jpg 150w, https:\/\/monicagdowzok.de\/wp-content\/uploads\/2022\/01\/monica-768x768.jpg 768w\" sizes=\"auto, (max-width: 800px) 100vw, 800px\" \/><\/figure>\n\n\n\n<h2 class=\"has-neve-link-color-color has-text-color wp-block-heading\" id=\"monica-gdowzok\">Mein Weg<\/h2>\n\n\n\n<p>Quasi mein ganzes Leben habe ich versucht die Menschen zu verstehen. Ich habe sie beobachtet, befragt, studiert und versucht Muster zu erkennen. Und dann merkte ich, dass ich erstmal mich und meine Muster kennenlernen sollte.<\/p>\n\n\n\n<p>Auf diesem Weg traf ich viele interessante Menschen, ich meditierte viel &#8211; alleine, an vielen verschiedenen Orten der Welt, und auch mit verschiedensten Wegbegleitern. Doch es war m\u00fchsam. Manchmal w\u00fcnschte ich mir mehr Anleitung, Tipps oder Anst\u00f6\u00dfe, die mich aber nicht von meinem Weg ablenken oder abbringen sollten. <\/p>\n\n\n\n<h2 class=\"has-neve-link-color-color has-text-color wp-block-heading\">Wenn ich ganz klar bin, ist das, was ist, das, was ich will.<\/h2>\n\n\n\n<p>Mit The Work von Byron Katie kam Klarheit. Mir war das Konzept der Projektion schon lange bekannt, doch nur die Erkenntnis war nicht genug f\u00fcr nachhaltiges Leben von \u201cLieben was ist\u201d. Ich nutze dieses Prinzip mit klarer, simpler Anleitung, um mich selber zu verstehen, Situationen und Glaubenss\u00e4tze anzusehen und herauszufinden, wie ich durch \u00c4nderung der Blickrichtung auch sehr feste Knoten l\u00f6sen kann und mich weniger in Geschichten der Vergangenheit (Trauer) und der Zukunft (Angst) verstricke. Es ist ein Geschenk, dies teilen und weitergeben zu d\u00fcrfen.<\/p>\n\n\n\n<h3 class=\"has-neve-link-color-color has-text-color wp-block-heading\" id=\"was-mich-zu-the-work-gefuhrt-hat\">LIEBEVOLL, SENSIBEL, RADIKAL EHRLICH.<\/h3>\n\n\n\n<p><\/p>\n\n\n\n<div style=\"height:125px\" aria-hidden=\"true\" class=\"wp-block-spacer\"><\/div>\n\n\n\n<p>&nbsp;<\/p>\n<\/div>\n<\/div>\n\n\n\n<div style=\"height:40px\" aria-hidden=\"true\" class=\"wp-block-spacer\"><\/div>\n\n\n\n<div class=\"wp-block-columns are-vertically-aligned-top is-layout-flex wp-container-core-columns-is-layout-9d6595d7 wp-block-columns-is-layout-flex\">\n<div class=\"wp-block-column is-vertically-aligned-top is-layout-flow wp-block-column-is-layout-flow\">\n<figure class=\"wp-block-image size-large\"><img loading=\"lazy\" decoding=\"async\" width=\"1024\" height=\"1024\" src=\"https:\/\/monicagdowzok.de\/wp-content\/uploads\/2022\/01\/selbstfindung-e1653923862417-1024x1024.jpg\" alt=\"\" class=\"wp-image-621\" srcset=\"https:\/\/monicagdowzok.de\/wp-content\/uploads\/2022\/01\/selbstfindung-e1653923862417-1024x1024.jpg 1024w, https:\/\/monicagdowzok.de\/wp-content\/uploads\/2022\/01\/selbstfindung-e1653923862417-300x300.jpg 300w, https:\/\/monicagdowzok.de\/wp-content\/uploads\/2022\/01\/selbstfindung-e1653923862417-150x150.jpg 150w, https:\/\/monicagdowzok.de\/wp-content\/uploads\/2022\/01\/selbstfindung-e1653923862417-768x768.jpg 768w, https:\/\/monicagdowzok.de\/wp-content\/uploads\/2022\/01\/selbstfindung-e1653923862417-12x12.jpg 12w, https:\/\/monicagdowzok.de\/wp-content\/uploads\/2022\/01\/selbstfindung-e1653923862417.jpg 1200w\" sizes=\"auto, (max-width: 1024px) 100vw, 1024px\" \/><\/figure>\n\n\n\n<h3 class=\"wp-block-heading\" id=\"warum-the-work\">Mit The Work sich selbst entdecken<\/h3>\n\n\n\n<p>The Work er\u00f6ffnet neue Perspektiven<\/p>\n\n\n\n<div class=\"wp-block-buttons is-layout-flex wp-block-buttons-is-layout-flex\">\n<div class=\"wp-block-button is-style-primary\"><a class=\"wp-block-button__link\" href=\"https:\/\/monicagdowzok.de\/en\/the-work\/\">Mehr erfahren<\/a><\/div>\n<\/div>\n<\/div>\n\n\n\n<div class=\"wp-block-column is-vertically-aligned-top is-layout-flow wp-block-column-is-layout-flow\">\n<figure class=\"wp-block-image size-large\"><a href=\"https:\/\/monicagdowzok.de\/en\/paarsitzung\/\"><img loading=\"lazy\" decoding=\"async\" width=\"1024\" height=\"1024\" src=\"https:\/\/monicagdowzok.de\/wp-content\/uploads\/2022\/03\/paartherapie-1-1024x1024.jpg\" alt=\"\" class=\"wp-image-766\" srcset=\"https:\/\/monicagdowzok.de\/wp-content\/uploads\/2022\/03\/paartherapie-1-1024x1024.jpg 1024w, https:\/\/monicagdowzok.de\/wp-content\/uploads\/2022\/03\/paartherapie-1-300x300.jpg 300w, https:\/\/monicagdowzok.de\/wp-content\/uploads\/2022\/03\/paartherapie-1-150x150.jpg 150w, https:\/\/monicagdowzok.de\/wp-content\/uploads\/2022\/03\/paartherapie-1-768x768.jpg 768w, https:\/\/monicagdowzok.de\/wp-content\/uploads\/2022\/03\/paartherapie-1.jpg 1200w\" sizes=\"auto, (max-width: 1024px) 100vw, 1024px\" \/><\/a><\/figure>\n\n\n\n<h3 class=\"wp-block-heading\" id=\"hilfe-fur-paare\">Hilfe f\u00fcr Paare<\/h3>\n\n\n\n<p>Ich biete auch Paaren Unterst\u00fctzung an.<\/p>\n\n\n\n<div class=\"wp-block-buttons is-layout-flex wp-block-buttons-is-layout-flex\">\n<div class=\"wp-block-button is-style-primary\"><a class=\"wp-block-button__link\" href=\"https:\/\/monicagdowzok.de\/en\/paarsitzung\/\">Mehr erfahren<\/a><\/div>\n<\/div>\n<\/div>\n\n\n\n<div class=\"wp-block-column is-vertically-aligned-top is-layout-flow wp-block-column-is-layout-flow\">\n<figure class=\"wp-block-image size-full\"><img loading=\"lazy\" decoding=\"async\" width=\"500\" height=\"500\" src=\"https:\/\/monicagdowzok.de\/wp-content\/uploads\/2022\/03\/geburtstrauma-therapie.png\" alt=\"\" class=\"wp-image-757\" srcset=\"https:\/\/monicagdowzok.de\/wp-content\/uploads\/2022\/03\/geburtstrauma-therapie.png 500w, https:\/\/monicagdowzok.de\/wp-content\/uploads\/2022\/03\/geburtstrauma-therapie-300x300.png 300w, https:\/\/monicagdowzok.de\/wp-content\/uploads\/2022\/03\/geburtstrauma-therapie-150x150.png 150w\" sizes=\"auto, (max-width: 500px) 100vw, 500px\" \/><\/figure>\n\n\n\n<h3 class=\"wp-block-heading\" id=\"wenn-der-start-nicht-klappt\">Wenn der Start nicht klappt<\/h3>\n\n\n\n<p>Gemeinsam mit mir Geburtstraumata betrachten.<\/p>\n\n\n\n<div class=\"wp-block-buttons is-layout-flex wp-block-buttons-is-layout-flex\">\n<div class=\"wp-block-button is-style-primary\"><a class=\"wp-block-button__link\" href=\"https:\/\/monicagdowzok.de\/en\/geburtstrauma\/\">Mehr erfahren<\/a><\/div>\n<\/div>\n\n\n\n<p><\/p>\n<\/div>\n<\/div>","protected":false},"excerpt":{"rendered":"<p>Mein Weg Quasi mein ganzes Leben habe ich versucht die Menschen zu verstehen. Ich habe sie beobachtet, befragt, studiert und versucht Muster zu erkennen. Und dann merkte ich, dass ich erstmal mich und meine Muster kennenlernen sollte. Auf diesem Weg traf ich viele interessante Menschen, ich meditierte viel &#8211; alleine, an vielen verschiedenen Orten der&hellip;&nbsp;<a href=\"https:\/\/monicagdowzok.de\/en\/about\" class=\"\" rel=\"bookmark\">Read More &raquo;<span class=\"screen-reader-text\">\u00dcber mich<\/span><\/a><\/p>","protected":false},"author":1,"featured_media":0,"parent":0,"menu_order":0,"comment_status":"closed","ping_status":"closed","template":"","meta":{"_uag_custom_page_level_css":"","neve_meta_sidebar":"full-width","neve_meta_container":"","neve_meta_enable_content_width":"on","neve_meta_content_width":100,"neve_meta_title_alignment":"","neve_meta_author_avatar":"","neve_post_elements_order":"","neve_meta_disable_header":"","neve_meta_disable_footer":"","neve_meta_disable_title":"on","neve_meta_reading_time":"","_ti_tpc_template_sync":false,"_ti_tpc_template_id":"","footnotes":""},"class_list":["post-504","page","type-page","status-publish","hentry"],"yoast_head":"<!-- This site is optimized with the Yoast SEO plugin v21.1 - https:\/\/yoast.com\/wordpress\/plugins\/seo\/ -->\n<title>\u00dcber mich - Monica Gdowzok<\/title>\n<meta name=\"robots\" content=\"index, follow, max-snippet:-1, max-image-preview:large, max-video-preview:-1\" \/>\n<link rel=\"canonical\" href=\"https:\/\/monicagdowzok.de\/en\/about\/\" \/>\n<meta property=\"og:locale\" content=\"en_US\" \/>\n<meta property=\"og:type\" content=\"article\" \/>\n<meta property=\"og:title\" content=\"\u00dcber mich - Monica Gdowzok\" \/>\n<meta property=\"og:description\" content=\"Mein Weg Quasi mein ganzes Leben habe ich versucht die Menschen zu verstehen. Ich habe sie beobachtet, befragt, studiert und versucht Muster zu erkennen. Und dann merkte ich, dass ich erstmal mich und meine Muster kennenlernen sollte. Auf diesem Weg traf ich viele interessante Menschen, ich meditierte viel &#8211; alleine, an vielen verschiedenen Orten der&hellip;&nbsp;Read More &raquo;\u00dcber mich\" \/>\n<meta property=\"og:url\" content=\"https:\/\/monicagdowzok.de\/en\/about\/\" \/>\n<meta property=\"og:site_name\" content=\"Monica Gdowzok\" \/>\n<meta property=\"article:modified_time\" content=\"2022-05-30T15:23:04+00:00\" \/>\n<meta property=\"og:image\" content=\"https:\/\/monicagdowzok.de\/wp-content\/uploads\/2022\/01\/monica.jpg\" \/>\n<meta name=\"twitter:card\" content=\"summary_large_image\" \/>\n<meta name=\"twitter:label1\" content=\"Est. reading time\" \/>\n\t<meta name=\"twitter:data1\" content=\"3 minutes\" \/>\n<script type=\"application\/ld+json\" class=\"yoast-schema-graph\">{\"@context\":\"https:\/\/schema.org\",\"@graph\":[{\"@type\":\"WebPage\",\"@id\":\"https:\/\/monicagdowzok.de\/about\",\"url\":\"https:\/\/monicagdowzok.de\/about\",\"name\":\"\u00dcber mich - Monica Gdowzok\",\"isPartOf\":{\"@id\":\"https:\/\/monicagdowzok.de\/#website\"},\"datePublished\":\"2022-01-25T09:01:23+00:00\",\"dateModified\":\"2022-05-30T15:23:04+00:00\",\"breadcrumb\":{\"@id\":\"https:\/\/monicagdowzok.de\/about#breadcrumb\"},\"inLanguage\":\"en-US\",\"potentialAction\":[{\"@type\":\"ReadAction\",\"target\":[\"https:\/\/monicagdowzok.de\/about\"]}]},{\"@type\":\"BreadcrumbList\",\"@id\":\"https:\/\/monicagdowzok.de\/about#breadcrumb\",\"itemListElement\":[{\"@type\":\"ListItem\",\"position\":1,\"name\":\"Home\",\"item\":\"https:\/\/monicagdowzok.de\/\"},{\"@type\":\"ListItem\",\"position\":2,\"name\":\"\u00dcber mich\"}]},{\"@type\":\"WebSite\",\"@id\":\"https:\/\/monicagdowzok.de\/#website\",\"url\":\"https:\/\/monicagdowzok.de\/\",\"name\":\"Monica Gdowzok\",\"description\":\"Heilpraktikerin f\u00fcr Psychotherapie in Berlin und Panketal\",\"publisher\":{\"@id\":\"https:\/\/monicagdowzok.de\/#organization\"},\"potentialAction\":[{\"@type\":\"SearchAction\",\"target\":{\"@type\":\"EntryPoint\",\"urlTemplate\":\"https:\/\/monicagdowzok.de\/?s={search_term_string}\"},\"query-input\":\"required name=search_term_string\"}],\"inLanguage\":\"en-US\"},{\"@type\":\"Organization\",\"@id\":\"https:\/\/monicagdowzok.de\/#organization\",\"name\":\"Monica Gdowzok\",\"url\":\"https:\/\/monicagdowzok.de\/\",\"logo\":{\"@type\":\"ImageObject\",\"inLanguage\":\"en-US\",\"@id\":\"https:\/\/monicagdowzok.de\/#\/schema\/logo\/image\/\",\"url\":\"https:\/\/monicagdowzok.de\/wp-content\/uploads\/2022\/01\/logo-3.png\",\"contentUrl\":\"https:\/\/monicagdowzok.de\/wp-content\/uploads\/2022\/01\/logo-3.png\",\"width\":1000,\"height\":178,\"caption\":\"Monica Gdowzok\"},\"image\":{\"@id\":\"https:\/\/monicagdowzok.de\/#\/schema\/logo\/image\/\"}}]}<\/script>\n<!-- \/ Yoast SEO plugin. -->","yoast_head_json":{"title":"\u00dcber mich - Monica Gdowzok","robots":{"index":"index","follow":"follow","max-snippet":"max-snippet:-1","max-image-preview":"max-image-preview:large","max-video-preview":"max-video-preview:-1"},"canonical":"https:\/\/monicagdowzok.de\/en\/about\/","og_locale":"en_US","og_type":"article","og_title":"\u00dcber mich - Monica Gdowzok","og_description":"Mein Weg Quasi mein ganzes Leben habe ich versucht die Menschen zu verstehen. Ich habe sie beobachtet, befragt, studiert und versucht Muster zu erkennen. Und dann merkte ich, dass ich erstmal mich und meine Muster kennenlernen sollte. Auf diesem Weg traf ich viele interessante Menschen, ich meditierte viel &#8211; alleine, an vielen verschiedenen Orten der&hellip;&nbsp;Read More &raquo;\u00dcber mich","og_url":"https:\/\/monicagdowzok.de\/en\/about\/","og_site_name":"Monica Gdowzok","article_modified_time":"2022-05-30T15:23:04+00:00","og_image":[{"url":"https:\/\/monicagdowzok.de\/wp-content\/uploads\/2022\/01\/monica.jpg"}],"twitter_card":"summary_large_image","twitter_misc":{"Est. reading time":"3 minutes"},"schema":{"@context":"https:\/\/schema.org","@graph":[{"@type":"WebPage","@id":"https:\/\/monicagdowzok.de\/about","url":"https:\/\/monicagdowzok.de\/about","name":"\u00dcber mich - Monica Gdowzok","isPartOf":{"@id":"https:\/\/monicagdowzok.de\/#website"},"datePublished":"2022-01-25T09:01:23+00:00","dateModified":"2022-05-30T15:23:04+00:00","breadcrumb":{"@id":"https:\/\/monicagdowzok.de\/about#breadcrumb"},"inLanguage":"en-US","potentialAction":[{"@type":"ReadAction","target":["https:\/\/monicagdowzok.de\/about"]}]},{"@type":"BreadcrumbList","@id":"https:\/\/monicagdowzok.de\/about#breadcrumb","itemListElement":[{"@type":"ListItem","position":1,"name":"Home","item":"https:\/\/monicagdowzok.de\/"},{"@type":"ListItem","position":2,"name":"\u00dcber mich"}]},{"@type":"WebSite","@id":"https:\/\/monicagdowzok.de\/#website","url":"https:\/\/monicagdowzok.de\/","name":"Monica Gdowzok","description":"Heilpraktikerin f\u00fcr Psychotherapie in Berlin und Panketal","publisher":{"@id":"https:\/\/monicagdowzok.de\/#organization"},"potentialAction":[{"@type":"SearchAction","target":{"@type":"EntryPoint","urlTemplate":"https:\/\/monicagdowzok.de\/?s={search_term_string}"},"query-input":"required name=search_term_string"}],"inLanguage":"en-US"},{"@type":"Organization","@id":"https:\/\/monicagdowzok.de\/#organization","name":"Monica Gdowzok","url":"https:\/\/monicagdowzok.de\/","logo":{"@type":"ImageObject","inLanguage":"en-US","@id":"https:\/\/monicagdowzok.de\/#\/schema\/logo\/image\/","url":"https:\/\/monicagdowzok.de\/wp-content\/uploads\/2022\/01\/logo-3.png","contentUrl":"https:\/\/monicagdowzok.de\/wp-content\/uploads\/2022\/01\/logo-3.png","width":1000,"height":178,"caption":"Monica Gdowzok"},"image":{"@id":"https:\/\/monicagdowzok.de\/#\/schema\/logo\/image\/"}}]}},"uagb_featured_image_src":{"full":false,"thumbnail":false,"medium":false,"medium_large":false,"large":false,"1536x1536":false,"2048x2048":false,"trp-custom-language-flag":false,"neve-blog":false},"uagb_author_info":{"display_name":"monica","author_link":"https:\/\/monicagdowzok.de\/en\/author\/monica"},"uagb_comment_info":0,"uagb_excerpt":"Mein Weg Quasi mein ganzes Leben habe ich versucht die Menschen zu verstehen. Ich habe sie beobachtet, befragt, studiert und versucht Muster zu erkennen. Und dann merkte ich, dass ich erstmal mich und meine Muster kennenlernen sollte. Auf diesem Weg traf ich viele interessante Menschen, ich meditierte viel &#8211; alleine, an vielen verschiedenen Orten der&hellip;&nbsp;Read&hellip;","_links":{"self":[{"href":"https:\/\/monicagdowzok.de\/en\/wp-json\/wp\/v2\/pages\/504","targetHints":{"allow":["GET"]}}],"collection":[{"href":"https:\/\/monicagdowzok.de\/en\/wp-json\/wp\/v2\/pages"}],"about":[{"href":"https:\/\/monicagdowzok.de\/en\/wp-json\/wp\/v2\/types\/page"}],"author":[{"embeddable":true,"href":"https:\/\/monicagdowzok.de\/en\/wp-json\/wp\/v2\/users\/1"}],"replies":[{"embeddable":true,"href":"https:\/\/monicagdowzok.de\/en\/wp-json\/wp\/v2\/comments?post=504"}],"version-history":[{"count":34,"href":"https:\/\/monicagdowzok.de\/en\/wp-json\/wp\/v2\/pages\/504\/revisions"}],"predecessor-version":[{"id":912,"href":"https:\/\/monicagdowzok.de\/en\/wp-json\/wp\/v2\/pages\/504\/revisions\/912"}],"wp:attachment":[{"href":"https:\/\/monicagdowzok.de\/en\/wp-json\/wp\/v2\/media?parent=504"}],"curies":[{"name":"wp","href":"https:\/\/api.w.org\/{rel}","templated":true}]}}