{"id":46,"date":"2021-02-16T11:44:42","date_gmt":"2021-02-16T09:44:42","guid":{"rendered":"https:\/\/demosites.io\/neve-3\/?page_id=46"},"modified":"2022-05-24T13:36:26","modified_gmt":"2022-05-24T11:36:26","slug":"7b3c2-homepage","status":"publish","type":"page","link":"https:\/\/monicagdowzok.de\/en\/","title":{"rendered":"Homepage"},"content":{"rendered":"<div class=\"wp-block-cover alignfull is-light is-repeated\" style=\"background-image:url(https:\/\/monicagdowzok.de\/wp-content\/uploads\/2022\/01\/maze-beach.png);min-height:596px;aspect-ratio:unset;\"><span aria-hidden=\"true\" class=\"wp-block-cover__gradient-background has-background-dim has-background-gradient\" style=\"background:linear-gradient(135deg,rgb(227,249,179) 0%,rgb(252,138,0) 100%)\"><\/span><div class=\"wp-block-cover__inner-container is-layout-flow wp-block-cover-is-layout-flow\">\n<div style=\"height:40px\" aria-hidden=\"true\" class=\"wp-block-spacer\"><\/div>\n\n\n\n<div class=\"wp-block-columns are-vertically-aligned-center is-layout-flex wp-container-core-columns-is-layout-9d6595d7 wp-block-columns-is-layout-flex\">\n<div class=\"wp-block-column is-vertically-aligned-center is-layout-flow wp-block-column-is-layout-flow\" style=\"flex-basis:100%\">\n<h2 class=\"alignfull has-text-align-center has-nv-text-dark-bg-color has-text-color wp-block-heading\" id=\"bei-gleicher-umgebung-lebt-doch-jeder-in-einer-anderen-welt\" style=\"font-size:56px\">Bei gleicher Umgebung <br>lebt doch jeder <br>in einer anderen Welt<\/h2>\n<\/div>\n<\/div>\n\n\n\n<div style=\"height:40px\" aria-hidden=\"true\" class=\"wp-block-spacer\"><\/div>\n<\/div><\/div>\n\n\n\n<div style=\"height:40px\" aria-hidden=\"true\" class=\"wp-block-spacer\"><\/div>\n\n\n\n<div class=\"wp-block-columns are-vertically-aligned-top is-layout-flex wp-container-core-columns-is-layout-9d6595d7 wp-block-columns-is-layout-flex\">\n<div class=\"wp-block-column is-layout-flow wp-block-column-is-layout-flow\" style=\"flex-basis:20%\"><\/div>\n\n\n\n<div class=\"wp-block-column is-vertically-aligned-top is-layout-flow wp-block-column-is-layout-flow\" style=\"flex-basis:600px\">\n<h2 class=\"wp-block-heading\" id=\"wenn-alles-schwer-ist\"><mark style=\"background-color:rgba(0, 0, 0, 0)\" class=\"has-inline-color has-neve-link-color-color\">Nicht hinterfragte Gedanken tun weh, die Realit\u00e4t nicht. Byron Katie<\/mark><\/h2>\n\n\n\n<p>Ich brauche jemanden, der mich liebt &#8211; ist das wahr?<\/p>\n\n\n\n<p>Wir sind so darauf gepolt zu denken, dass unser Gl\u00fcck im Au\u00dfen zu finden ist.<\/p>\n\n\n\n<p>Aber ist es wahr, was du da denkst? Und bringt dir dieser Gedanke Frieden oder Stress?<\/p>\n\n\n\n<p>Dies trifft auf ALLE Gedanken zu. Hier ein paar Beispiele:<\/p>\n\n\n\n<p><em>Ich brauche einen Partner, um gl\u00fccklich zu sein. Wenn die Politik nicht so verr\u00fcckt w\u00e4re. Ich brauche Kinder f\u00fcr ein erf\u00fclltes Leben. Meine Chefin sieht nicht, was ich alles tue. Ich meditiere zu wenig. Wenn ich das geschafft habe, darf ich gl\u00fccklich sein. Ich will in Frieden leben.<\/em><\/p>\n\n\n\n<p>The Work ist ein einfacher, meditativer und kraftvoller Weg mit schmerzhaften Gedanken und Situationen umzugehen. Wenn du vollkommen klar bist, bist du einverstanden mit dem, was ist, und im Kontakt mit deiner eigenen Weisheit und Kraft.<\/p>\n\n\n\n<h3 class=\"has-neve-link-color-color has-text-color wp-block-heading\" id=\"weisheit-und-kraft\">Jedes Mal, wenn du jemanden angreifst, tut es dir weh.<\/h3>\n\n\n\n<p>Mit dem Arbeitsblatt \u201e<a href=\"https:\/\/monicagdowzok.de\/wp-content\/uploads\/2022\/03\/Arbeitsblatt-\u201eUrteile-ueber-deinen-Naechsten.pdf\" target=\"_blank\" rel=\"noreferrer noopener\">Urteile \u00fcber deinen N\u00e4chsten<\/a>&#8220; hast du die M\u00f6glichkeit, dir deine Gedanken anzusehen, anzuf\u00fchlen. Schreib es auf, stell die 4 Fragen und dreh es (deine Gedanken) um! Sei offen f\u00fcr das, was sich zeigt und erlebe die Magie der inneren Selbstbefragung.<\/p>\n\n\n\n<div style=\"height:100px\" aria-hidden=\"true\" class=\"wp-block-spacer\"><\/div>\n<\/div>\n<\/div>\n\n\n\n<div class=\"wp-block-columns are-vertically-aligned-top is-layout-flex wp-container-core-columns-is-layout-9d6595d7 wp-block-columns-is-layout-flex\">\n<div class=\"wp-block-column is-vertically-aligned-top is-layout-flow wp-block-column-is-layout-flow\">\n<figure class=\"wp-block-image size-full\"><img loading=\"lazy\" decoding=\"async\" width=\"800\" height=\"800\" src=\"https:\/\/monicagdowzok.de\/wp-content\/uploads\/2022\/01\/monica.jpg\" alt=\"\" class=\"wp-image-459\" srcset=\"https:\/\/monicagdowzok.de\/wp-content\/uploads\/2022\/01\/monica.jpg 800w, https:\/\/monicagdowzok.de\/wp-content\/uploads\/2022\/01\/monica-300x300.jpg 300w, https:\/\/monicagdowzok.de\/wp-content\/uploads\/2022\/01\/monica-150x150.jpg 150w, https:\/\/monicagdowzok.de\/wp-content\/uploads\/2022\/01\/monica-768x768.jpg 768w\" sizes=\"auto, (max-width: 800px) 100vw, 800px\" \/><\/figure>\n\n\n\n<h3 class=\"wp-block-heading\" id=\"warum-the-work\">\u00dcber mich<\/h3>\n\n\n\n<p>Wo komme ich her, was tue ich und wo will ich hin?<\/p>\n\n\n\n<div class=\"wp-block-buttons is-layout-flex wp-block-buttons-is-layout-flex\">\n<div class=\"wp-block-button is-style-primary\"><a class=\"wp-block-button__link\" href=\"https:\/\/monicagdowzok.de\/en\/about\/\">Mehr erfahren<\/a><\/div>\n<\/div>\n<\/div>\n\n\n\n<div class=\"wp-block-column is-vertically-aligned-top is-layout-flow wp-block-column-is-layout-flow\">\n<figure class=\"wp-block-image size-large\"><a href=\"https:\/\/monicagdowzok.de\/en\/paarsitzung\/\"><img loading=\"lazy\" decoding=\"async\" width=\"1024\" height=\"1024\" src=\"https:\/\/monicagdowzok.de\/wp-content\/uploads\/2022\/03\/paartherapie-1-1024x1024.jpg\" alt=\"\" class=\"wp-image-766\" srcset=\"https:\/\/monicagdowzok.de\/wp-content\/uploads\/2022\/03\/paartherapie-1-1024x1024.jpg 1024w, https:\/\/monicagdowzok.de\/wp-content\/uploads\/2022\/03\/paartherapie-1-300x300.jpg 300w, https:\/\/monicagdowzok.de\/wp-content\/uploads\/2022\/03\/paartherapie-1-150x150.jpg 150w, https:\/\/monicagdowzok.de\/wp-content\/uploads\/2022\/03\/paartherapie-1-768x768.jpg 768w, https:\/\/monicagdowzok.de\/wp-content\/uploads\/2022\/03\/paartherapie-1.jpg 1200w\" sizes=\"auto, (max-width: 1024px) 100vw, 1024px\" \/><\/a><\/figure>\n\n\n\n<h3 class=\"wp-block-heading\" id=\"hilfe-fur-paare\">Hilfe f\u00fcr Paare<\/h3>\n\n\n\n<p>Ich biete auch Paaren Unterst\u00fctzung an.<\/p>\n\n\n\n<div class=\"wp-block-buttons is-layout-flex wp-block-buttons-is-layout-flex\">\n<div class=\"wp-block-button is-style-primary\"><a class=\"wp-block-button__link\" href=\"https:\/\/monicagdowzok.de\/en\/paarsitzung\/\">Mehr erfahren<\/a><\/div>\n<\/div>\n<\/div>\n\n\n\n<div class=\"wp-block-column is-vertically-aligned-top is-layout-flow wp-block-column-is-layout-flow\">\n<figure class=\"wp-block-image size-full\"><img loading=\"lazy\" decoding=\"async\" width=\"500\" height=\"500\" src=\"https:\/\/monicagdowzok.de\/wp-content\/uploads\/2022\/03\/geburtstrauma-therapie.png\" alt=\"\" class=\"wp-image-757\" srcset=\"https:\/\/monicagdowzok.de\/wp-content\/uploads\/2022\/03\/geburtstrauma-therapie.png 500w, https:\/\/monicagdowzok.de\/wp-content\/uploads\/2022\/03\/geburtstrauma-therapie-300x300.png 300w, https:\/\/monicagdowzok.de\/wp-content\/uploads\/2022\/03\/geburtstrauma-therapie-150x150.png 150w\" sizes=\"auto, (max-width: 500px) 100vw, 500px\" \/><\/figure>\n\n\n\n<h3 class=\"wp-block-heading\" id=\"wenn-der-start-nicht-klappt\">Wenn der Start nicht klappt<\/h3>\n\n\n\n<p>Gemeinsam mit mir Geburtstraumata betrachten.<\/p>\n\n\n\n<div class=\"wp-block-buttons is-layout-flex wp-block-buttons-is-layout-flex\">\n<div class=\"wp-block-button is-style-primary\"><a class=\"wp-block-button__link\" href=\"https:\/\/monicagdowzok.de\/en\/geburtstrauma\/\">Mehr erfahren<\/a><\/div>\n<\/div>\n\n\n\n<p><\/p>\n<\/div>\n<\/div>\n\n\n\n<div style=\"height:40px\" aria-hidden=\"true\" class=\"wp-block-spacer\"><\/div>\n\n\n\n<p><\/p>","protected":false},"excerpt":{"rendered":"<p>Nicht hinterfragte Gedanken tun weh, die Realit\u00e4t nicht. Byron Katie Ich brauche jemanden, der mich liebt &#8211; ist das wahr? Wir sind so darauf gepolt zu denken, dass unser Gl\u00fcck im Au\u00dfen zu finden ist. Aber ist es wahr, was du da denkst? Und bringt dir dieser Gedanke Frieden oder Stress? Dies trifft auf ALLE&hellip;&nbsp;<a href=\"https:\/\/monicagdowzok.de\/en\/\" class=\"\" rel=\"bookmark\">Read More &raquo;<span class=\"screen-reader-text\">Homepage<\/span><\/a><\/p>","protected":false},"author":4,"featured_media":0,"parent":0,"menu_order":0,"comment_status":"closed","ping_status":"closed","template":"","meta":{"_uag_custom_page_level_css":"","neve_meta_sidebar":"full-width","neve_meta_container":"","neve_meta_enable_content_width":"on","neve_meta_content_width":100,"neve_meta_title_alignment":"","neve_meta_author_avatar":"","neve_post_elements_order":"","neve_meta_disable_header":"","neve_meta_disable_footer":"","neve_meta_disable_title":"on","neve_meta_reading_time":"","_ti_tpc_template_sync":false,"_ti_tpc_template_id":"","footnotes":""},"class_list":["post-46","page","type-page","status-publish","hentry"],"yoast_head":"<!-- This site is optimized with the Yoast SEO plugin v21.1 - https:\/\/yoast.com\/wordpress\/plugins\/seo\/ -->\n<title>Homepage - Monica Gdowzok<\/title>\n<meta name=\"robots\" content=\"index, follow, max-snippet:-1, max-image-preview:large, max-video-preview:-1\" \/>\n<link rel=\"canonical\" href=\"https:\/\/monicagdowzok.de\/en\/\" \/>\n<meta property=\"og:locale\" content=\"en_US\" \/>\n<meta property=\"og:type\" content=\"article\" \/>\n<meta property=\"og:title\" content=\"Homepage - Monica Gdowzok\" \/>\n<meta property=\"og:description\" content=\"Nicht hinterfragte Gedanken tun weh, die Realit\u00e4t nicht. Byron Katie Ich brauche jemanden, der mich liebt &#8211; ist das wahr? Wir sind so darauf gepolt zu denken, dass unser Gl\u00fcck im Au\u00dfen zu finden ist. Aber ist es wahr, was du da denkst? Und bringt dir dieser Gedanke Frieden oder Stress? Dies trifft auf ALLE&hellip;&nbsp;Read More &raquo;Homepage\" \/>\n<meta property=\"og:url\" content=\"https:\/\/monicagdowzok.de\/en\/\" \/>\n<meta property=\"og:site_name\" content=\"Monica Gdowzok\" \/>\n<meta property=\"article:modified_time\" content=\"2022-05-24T11:36:26+00:00\" \/>\n<meta name=\"twitter:card\" content=\"summary_large_image\" \/>\n<meta name=\"twitter:label1\" content=\"Est. reading time\" \/>\n\t<meta name=\"twitter:data1\" content=\"2 minutes\" \/>\n<script type=\"application\/ld+json\" class=\"yoast-schema-graph\">{\"@context\":\"https:\/\/schema.org\",\"@graph\":[{\"@type\":\"WebPage\",\"@id\":\"https:\/\/monicagdowzok.de\/\",\"url\":\"https:\/\/monicagdowzok.de\/\",\"name\":\"Homepage - Monica Gdowzok\",\"isPartOf\":{\"@id\":\"https:\/\/monicagdowzok.de\/#website\"},\"datePublished\":\"2021-02-16T09:44:42+00:00\",\"dateModified\":\"2022-05-24T11:36:26+00:00\",\"breadcrumb\":{\"@id\":\"https:\/\/monicagdowzok.de\/#breadcrumb\"},\"inLanguage\":\"en-US\",\"potentialAction\":[{\"@type\":\"ReadAction\",\"target\":[\"https:\/\/monicagdowzok.de\/\"]}]},{\"@type\":\"BreadcrumbList\",\"@id\":\"https:\/\/monicagdowzok.de\/#breadcrumb\",\"itemListElement\":[{\"@type\":\"ListItem\",\"position\":1,\"name\":\"Home\",\"item\":\"https:\/\/monicagdowzok.de\/\"},{\"@type\":\"ListItem\",\"position\":2,\"name\":\"Homepage\"}]},{\"@type\":\"WebSite\",\"@id\":\"https:\/\/monicagdowzok.de\/#website\",\"url\":\"https:\/\/monicagdowzok.de\/\",\"name\":\"Monica Gdowzok\",\"description\":\"Heilpraktikerin f\u00fcr Psychotherapie in Berlin und Panketal\",\"publisher\":{\"@id\":\"https:\/\/monicagdowzok.de\/#organization\"},\"potentialAction\":[{\"@type\":\"SearchAction\",\"target\":{\"@type\":\"EntryPoint\",\"urlTemplate\":\"https:\/\/monicagdowzok.de\/?s={search_term_string}\"},\"query-input\":\"required name=search_term_string\"}],\"inLanguage\":\"en-US\"},{\"@type\":\"Organization\",\"@id\":\"https:\/\/monicagdowzok.de\/#organization\",\"name\":\"Monica Gdowzok\",\"url\":\"https:\/\/monicagdowzok.de\/\",\"logo\":{\"@type\":\"ImageObject\",\"inLanguage\":\"en-US\",\"@id\":\"https:\/\/monicagdowzok.de\/#\/schema\/logo\/image\/\",\"url\":\"https:\/\/monicagdowzok.de\/wp-content\/uploads\/2022\/01\/logo-3.png\",\"contentUrl\":\"https:\/\/monicagdowzok.de\/wp-content\/uploads\/2022\/01\/logo-3.png\",\"width\":1000,\"height\":178,\"caption\":\"Monica Gdowzok\"},\"image\":{\"@id\":\"https:\/\/monicagdowzok.de\/#\/schema\/logo\/image\/\"}}]}<\/script>\n<!-- \/ Yoast SEO plugin. -->","yoast_head_json":{"title":"Homepage - Monica Gdowzok","robots":{"index":"index","follow":"follow","max-snippet":"max-snippet:-1","max-image-preview":"max-image-preview:large","max-video-preview":"max-video-preview:-1"},"canonical":"https:\/\/monicagdowzok.de\/en\/","og_locale":"en_US","og_type":"article","og_title":"Homepage - Monica Gdowzok","og_description":"Nicht hinterfragte Gedanken tun weh, die Realit\u00e4t nicht. Byron Katie Ich brauche jemanden, der mich liebt &#8211; ist das wahr? Wir sind so darauf gepolt zu denken, dass unser Gl\u00fcck im Au\u00dfen zu finden ist. Aber ist es wahr, was du da denkst? Und bringt dir dieser Gedanke Frieden oder Stress? Dies trifft auf ALLE&hellip;&nbsp;Read More &raquo;Homepage","og_url":"https:\/\/monicagdowzok.de\/en\/","og_site_name":"Monica Gdowzok","article_modified_time":"2022-05-24T11:36:26+00:00","twitter_card":"summary_large_image","twitter_misc":{"Est. reading time":"2 minutes"},"schema":{"@context":"https:\/\/schema.org","@graph":[{"@type":"WebPage","@id":"https:\/\/monicagdowzok.de\/","url":"https:\/\/monicagdowzok.de\/","name":"Homepage - Monica Gdowzok","isPartOf":{"@id":"https:\/\/monicagdowzok.de\/#website"},"datePublished":"2021-02-16T09:44:42+00:00","dateModified":"2022-05-24T11:36:26+00:00","breadcrumb":{"@id":"https:\/\/monicagdowzok.de\/#breadcrumb"},"inLanguage":"en-US","potentialAction":[{"@type":"ReadAction","target":["https:\/\/monicagdowzok.de\/"]}]},{"@type":"BreadcrumbList","@id":"https:\/\/monicagdowzok.de\/#breadcrumb","itemListElement":[{"@type":"ListItem","position":1,"name":"Home","item":"https:\/\/monicagdowzok.de\/"},{"@type":"ListItem","position":2,"name":"Homepage"}]},{"@type":"WebSite","@id":"https:\/\/monicagdowzok.de\/#website","url":"https:\/\/monicagdowzok.de\/","name":"Monica Gdowzok","description":"Heilpraktikerin f\u00fcr Psychotherapie in Berlin und Panketal","publisher":{"@id":"https:\/\/monicagdowzok.de\/#organization"},"potentialAction":[{"@type":"SearchAction","target":{"@type":"EntryPoint","urlTemplate":"https:\/\/monicagdowzok.de\/?s={search_term_string}"},"query-input":"required name=search_term_string"}],"inLanguage":"en-US"},{"@type":"Organization","@id":"https:\/\/monicagdowzok.de\/#organization","name":"Monica Gdowzok","url":"https:\/\/monicagdowzok.de\/","logo":{"@type":"ImageObject","inLanguage":"en-US","@id":"https:\/\/monicagdowzok.de\/#\/schema\/logo\/image\/","url":"https:\/\/monicagdowzok.de\/wp-content\/uploads\/2022\/01\/logo-3.png","contentUrl":"https:\/\/monicagdowzok.de\/wp-content\/uploads\/2022\/01\/logo-3.png","width":1000,"height":178,"caption":"Monica Gdowzok"},"image":{"@id":"https:\/\/monicagdowzok.de\/#\/schema\/logo\/image\/"}}]}},"uagb_featured_image_src":{"full":false,"thumbnail":false,"medium":false,"medium_large":false,"large":false,"1536x1536":false,"2048x2048":false,"trp-custom-language-flag":false,"neve-blog":false},"uagb_author_info":{"display_name":"Andr\u00e9 Kramer","author_link":"https:\/\/monicagdowzok.de\/en\/author\/andre"},"uagb_comment_info":0,"uagb_excerpt":"Nicht hinterfragte Gedanken tun weh, die Realit\u00e4t nicht. Byron Katie Ich brauche jemanden, der mich liebt &#8211; ist das wahr? Wir sind so darauf gepolt zu denken, dass unser Gl\u00fcck im Au\u00dfen zu finden ist. Aber ist es wahr, was du da denkst? Und bringt dir dieser Gedanke Frieden oder Stress? Dies trifft auf ALLE&hellip;&nbsp;Read&hellip;","_links":{"self":[{"href":"https:\/\/monicagdowzok.de\/en\/wp-json\/wp\/v2\/pages\/46","targetHints":{"allow":["GET"]}}],"collection":[{"href":"https:\/\/monicagdowzok.de\/en\/wp-json\/wp\/v2\/pages"}],"about":[{"href":"https:\/\/monicagdowzok.de\/en\/wp-json\/wp\/v2\/types\/page"}],"author":[{"embeddable":true,"href":"https:\/\/monicagdowzok.de\/en\/wp-json\/wp\/v2\/users\/4"}],"replies":[{"embeddable":true,"href":"https:\/\/monicagdowzok.de\/en\/wp-json\/wp\/v2\/comments?post=46"}],"version-history":[{"count":45,"href":"https:\/\/monicagdowzok.de\/en\/wp-json\/wp\/v2\/pages\/46\/revisions"}],"predecessor-version":[{"id":970,"href":"https:\/\/monicagdowzok.de\/en\/wp-json\/wp\/v2\/pages\/46\/revisions\/970"}],"wp:attachment":[{"href":"https:\/\/monicagdowzok.de\/en\/wp-json\/wp\/v2\/media?parent=46"}],"curies":[{"name":"wp","href":"https:\/\/api.w.org\/{rel}","templated":true}]}}